{"id":864,"date":"2022-08-01T11:12:55","date_gmt":"2022-08-01T11:12:55","guid":{"rendered":"https:\/\/escolabressolelcau.com\/?page_id=864"},"modified":"2025-06-10T15:50:35","modified_gmt":"2025-06-10T15:50:35","slug":"aviso-legal","status":"publish","type":"page","link":"https:\/\/escolabressolelcau.com\/de\/aviso-legal\/","title":{"rendered":"Impressum"},"content":{"rendered":"<p>Dies ist ein obligatorischer rechtlicher Hinweis, der die Nutzungsbedingungen regelt, die von den Benutzern der Website beachtet und eingehalten werden m\u00fcssen <strong>El Cau-Kindergarten<\/strong>, hiernach <strong>DIESE INTERNETSEITE<\/strong><\/p>\n\n\n\n<h3 class=\"wp-block-heading\">1.&nbsp;<strong>Identifikationsdaten<\/strong><\/h3>\n\n\n\n<p>In \u00dcbereinstimmung mit der Informationspflicht gem\u00e4\u00df Artikel 10 des Gesetzes 34\/2002 vom 11. Juli \u00fcber Dienste der Informationsgesellschaft und des elektronischen Gesch\u00e4ftsverkehrs werden nachstehend die folgenden Daten wiedergegeben:<\/p>\n\n\n\n<ul class=\"wp-block-list\">\n<li><strong>Der Herbstkindergarten<\/strong><\/li>\n\n\n\n<li><strong>c\/ Vilardell 22 niedrig. Barcelona<\/strong><\/li>\n\n\n\n<li><strong>Tel.\u00a0<a href=\"tel: 3493934325875\"> <\/a>93 353 7791<\/strong><\/li>\n\n\n\n<li><strong><a href=\"mailto:elcau@escolabressolelcau.com\">elcau@escolabressolelcau.com<\/a><\/strong><\/li>\n<\/ul>\n\n\n\n<h3 class=\"wp-block-heading\">2.&nbsp;<strong>Benutzer<\/strong><\/h3>\n\n\n\n<p>Der Zugriff und\/oder die Nutzung dieses Portals von <strong>DIESE INTERNETSEITE<\/strong> ordnet den Zustand von zu&nbsp;<strong>Benutzer<\/strong>. Alle Bestellungen in&nbsp;<strong>DIESE INTERNETSEITE<\/strong>&nbsp;setzt zwangsl\u00e4ufig als wesentliche, bestimmende und wesentliche Bedingung die vorbehaltlose Annahme der Allgemeinen Verkaufsbedingungen der Produkte durch den Benutzer voraus, die am Tag der entsprechenden Bestellung in Kraft sind. Dar\u00fcber hinaus erkennt der Benutzer an, dass die Annahme dieser Bedingungen die Anwendung dieser Bedingungen auf die Bestellung, auf die sie sich beziehen, sowie auf jede nachfolgende Bestellung impliziert, mit Ausnahme der F\u00e4lle, in denen neue Bedingungen bekannt gegeben werden <strong>DIESE INTERNETSEITE<\/strong>.<\/p>\n\n\n\n<p>Die vorstehenden Bedingungen gelten unabh\u00e4ngig von den in ihrem Fall zwingenden Allgemeinen Vertragsbedingungen.<\/p>\n\n\n\n<h3 class=\"wp-block-heading\">3.&nbsp;<strong>Zugangs- und Nutzungsbedingungen<\/strong><\/h3>\n\n\n\n<p>Der Benutzer verpflichtet sich, die Website und die von ihr zug\u00e4nglichen Dienste sorgf\u00e4ltig zu nutzen und die auf der Website enthaltenen Dienste oder Informationen nicht zu verwenden, um Aktivit\u00e4ten zu entwickeln, die gegen die Gesetze, die guten Sitten und die guten Sitten versto\u00dfen, \u00f6ffentlich und im Allgemeinen gem\u00e4\u00df diesen rechtlichen Hinweisen verwenden.&nbsp;<\/p>\n\n\n\n<p>Alle Handlungen, die gegen das Gesetz, die Rechte oder Interessen Dritter versto\u00dfen, sind daher verboten: Recht auf Privatsph\u00e4re, Datenschutz, geistiges Eigentum ... Ausdr\u00fccklich und ohne Steuern&nbsp;<strong>DIESE INTERNETSEITE<\/strong>&nbsp;Es ist verboten, Handlungen vorzunehmen, die der Website oder durch dieselbe Schaden zuf\u00fcgen k\u00f6nnten&nbsp;<strong>DIESE INTERNETSEITE<\/strong>.<\/p>\n\n\n\n<p>Ebenso ist die Verwendung von Programmen, die dazu bestimmt sind, Probleme oder Angriffe auf das Netzwerk zu verursachen, ausdr\u00fccklich untersagt. Es ist auch ausdr\u00fccklich untersagt, zu versuchen, die Sicherheit der Server zu testen, indem Eingaben oder Aktionen jeglicher Art durchgef\u00fchrt werden, die f\u00fcr den Genuss des Benutzers nicht unbedingt erforderlich sind.<\/p>\n\n\n\n<p><strong>DIESE INTERNETSEITE<\/strong>&nbsp;kann den Zugriff auf seine Website jederzeit unterbrechen, wenn er eine Nutzung feststellt, die gegen die Rechtm\u00e4\u00dfigkeit, Treu und Glauben oder diese Allgemeinen Gesch\u00e4ftsbedingungen verst\u00f6\u00dft.<\/p>\n\n\n\n<h3 class=\"wp-block-heading\">4.&nbsp;<strong>Rechte an geistigem Eigentum<\/strong><\/h3>\n\n\n\n<p><strong>DIESE INTERNETSEITE<\/strong> Inhaber oder Lizenznehmer, je nach Fall, der geistigen und gewerblichen Eigentumsrechte aller Inhalte dieser Website, einschlie\u00dflich Produktbeschreibungen, Text, Bilder, Fotografien, Marken, Logos, Schaltfl\u00e4chen, Softwaredateien, Farbkombinationen usw wie die Struktur, Auswahl, Anordnung und Pr\u00e4sentation ihrer Inhalte, die durch spanische und internationale Gesetze \u00fcber geistiges und gewerbliches Eigentum gesch\u00fctzt sind.&nbsp;<\/p>\n\n\n\n<h3 class=\"wp-block-heading\">5.&nbsp;<strong>Ausschluss von Garantien und Haftung<\/strong><\/h3>\n\n\n\n<p><strong>DIESE INTERNETSEITE<\/strong> ist in keinem Fall verantwortlich f\u00fcr Sch\u00e4den jeglicher Art, die beispielsweise verursacht werden k\u00f6nnten durch: Fehler oder Auslassungen in den Inhalten, mangelnde Verf\u00fcgbarkeit des Portals oder die \u00dcbertragung von Viren oder b\u00f6sartigen oder sch\u00e4dlichen Programmen in den Inhalten, obwohl alle notwendigen technischen Ma\u00dfnahmen getroffen, um dies zu vermeiden.<\/p>\n\n\n\n<h3 class=\"wp-block-heading\">6.&nbsp;<strong>Modifikationen<\/strong><\/h3>\n\n\n\n<p><strong>DIESE INTERNETSEITE<\/strong> beh\u00e4lt sich das Recht vor, ohne vorherige Ank\u00fcndigung die \u00c4nderungen vorzunehmen, die sie in ihrem Portal f\u00fcr angemessen h\u00e4lt, um sowohl die \u00fcber sie bereitgestellten Inhalte und Dienste als auch die Art und Weise, wie sie auf ihrem Portal pr\u00e4sentiert oder lokalisiert werden, zu \u00e4ndern, zu l\u00f6schen oder hinzuzuf\u00fcgen<\/p>\n\n\n\n<h3 class=\"wp-block-heading\">7.&nbsp;<strong>Ausschlussrecht<\/strong><\/h3>\n\n\n\n<p><strong>DIESE INTERNETSEITE<\/strong> beh\u00e4lt sich das Recht vor, Benutzern, die diese Allgemeinen Nutzungsbedingungen nicht einhalten, den Zugriff auf das Portal und\/oder die angebotenen Dienste ohne vorherige Ank\u00fcndigung auf eigene Initiative oder die eines Dritten zu verweigern oder zu entziehen.<\/p>\n\n\n\n<h3 class=\"wp-block-heading\">8.&nbsp;<strong>Allgemeines<\/strong><\/h3>\n\n\n\n<p><strong>DIESE INTERNETSEITE<\/strong> wird den Versto\u00df gegen diese Bedingungen sowie jede missbr\u00e4uchliche Nutzung seines Portals mit allen zivil- und strafrechtlichen Ma\u00dfnahmen verfolgen, die ihm gesetzlich entsprechen k\u00f6nnen.<\/p>\n\n\n\n<h3 class=\"wp-block-heading\">9.&nbsp;<strong>Anwendbares Recht und Gerichtsbarkeit.<\/strong><\/h3>\n\n\n\n<p>Anwendbares Recht und zust\u00e4ndige Gerichtsbarkeit. Die Auslegung und Ausf\u00fchrung der Bedingungen sowie alle daraus resultierenden Handlungen unterliegen dem spanischen Recht, sofern dem keine Bestimmungen der \u00f6ffentlichen Ordnung entgegenstehen. Die Tatsache, dass <strong>DIESE INTERNETSEITE<\/strong> zu irgendeinem Zeitpunkt nicht auf eine der vorliegenden Bedingungen zur\u00fcckzugreifen, kann weder ausgelegt werden, noch ist dies gleichbedeutend damit, dass sie in Zukunft oder in der Vergangenheit nicht auf sie zur\u00fcckgreifen.<\/p>\n\n\n\n<h2 class=\"wp-block-heading\"><strong><u>ALLGEMEINE BEDINGUNGEN<\/u><\/strong><\/h2>\n\n\n\n<h3 class=\"wp-block-heading\">1.&nbsp;<strong>Allgemeines<\/strong><\/h3>\n\n\n\n<p>Es versteht sich, dass der Benutzer diese Bedingungen akzeptiert, wenn er eines der auf dieser Website enthaltenen Formulare ausf\u00fcllt und akzeptiert.<\/p>\n\n\n\n<p>Der Benutzer ist allein verantwortlich f\u00fcr die Richtigkeit und Richtigkeit der enthaltenen Daten und entlastet a <strong>DIESE INTERNETSEITE<\/strong> jeglicher Verantwortung in dieser Hinsicht.<\/p>\n\n\n\n<p>Die Benutzer garantieren und sind in jedem Fall f\u00fcr die Richtigkeit, G\u00fcltigkeit und Authentizit\u00e4t der bereitgestellten personenbezogenen Daten verantwortlich und verpflichten sich, diese ordnungsgem\u00e4\u00df auf dem neuesten Stand zu halten. Der Nutzer verpflichtet sich, im Registrierungs- und\/oder Abonnementformular vollst\u00e4ndige und richtige Angaben zu machen.<\/p>\n\n\n\n<p><strong>DIESE INTERNETSEITE<\/strong> \u00fcbernimmt keine Verantwortung f\u00fcr die Richtigkeit von Informationen, die nicht von ihr selbst erstellt wurden und auf die eine andere Quelle angegeben ist, und \u00fcbernimmt daher keine Verantwortung f\u00fcr hypothetische Sch\u00e4den, die sich aus der Verwendung dieser Informationen ergeben k\u00f6nnten.<\/p>\n\n\n\n<p><strong>DIESE INTERNETSEITE<\/strong>&nbsp;beh\u00e4lt sich das Recht vor, die auf seinen Webseiten enthaltenen Informationen zu aktualisieren, zu \u00e4ndern oder zu l\u00f6schen und kann den Zugang zu diesen Informationen sogar einschr\u00e4nken oder verweigern. Entlastet a <strong>DIESE INTERNETSEITE<\/strong> der Verantwortung f\u00fcr Sch\u00e4den oder Verluste, die dem Benutzer aufgrund von Fehlern, M\u00e4ngeln und Auslassungen in den von der bereitgestellten Informationen entstehen <strong>DIESE INTERNETSEITE<\/strong>, sofern es aus anderen Quellen stammt als <strong>DIESE INTERNETSEITE<\/strong>.<\/p>\n\n\n\n<p>Indem Sie diesen Vertrag akzeptieren, erkl\u00e4ren Sie:<\/p>\n\n\n\n<p>1\u00ba- wer vollj\u00e4hrig ist und die F\u00e4higkeit hat, einzustellen<\/p>\n\n\n\n<p>2\u00ba- Sie haben diese Allgemeinen Gesch\u00e4ftsbedingungen gelesen und akzeptiert.<\/p>","protected":false},"excerpt":{"rendered":"<p>Dies ist ein obligatorischer rechtlicher Hinweis, der die Nutzungsbedingungen regelt, die von den Benutzern der Website Escola Bressol El Cau, im Folgenden DIESE WEBSITE genannt, beachtet und eingehalten werden m\u00fcssen Gesetz 34\/2002 vom 11....<\/p>\n<p class=\"read-more\"> <a class=\"\" href=\"https:\/\/escolabressolelcau.com\/de\/aviso-legal\/\"> <span class=\"screen-reader-text\">Impressum<\/span> Weiterlesen &quot;<\/a><\/p>","protected":false},"author":1,"featured_media":0,"parent":0,"menu_order":0,"comment_status":"closed","ping_status":"closed","template":"","meta":{"_uag_custom_page_level_css":"","site-sidebar-layout":"default","site-content-layout":"default","ast-global-header-display":"","ast-main-header-display":"","ast-hfb-above-header-display":"","ast-hfb-below-header-display":"","ast-hfb-mobile-header-display":"","site-post-title":"","ast-breadcrumbs-content":"","ast-featured-img":"","footer-sml-layout":"","theme-transparent-header-meta":"","adv-header-id-meta":"","stick-header-meta":"","header-above-stick-meta":"","header-main-stick-meta":"","header-below-stick-meta":"","footnotes":""},"class_list":["post-864","page","type-page","status-publish","hentry"],"uagb_featured_image_src":{"full":false,"thumbnail":false,"medium":false,"medium_large":false,"large":false,"1536x1536":false,"2048x2048":false,"trp-custom-language-flag":false},"uagb_author_info":{"display_name":"admin","author_link":"https:\/\/escolabressolelcau.com\/de\/author\/antmotion\/"},"uagb_comment_info":0,"uagb_excerpt":"El presente es un aviso legal de obligada visualizaci\u00f3n que regula las condiciones de uso que deben ser observadas y acatadas por los usuarios del sitio de Escola Bressol El Cau, en adelante ESTE SITIO WEB 1.&nbsp;Datos Identificativos En cumplimiento con el deber de informaci\u00f3n recogido en art\u00edculo 10 de la Ley 34\/2002, de 11&hellip;","_links":{"self":[{"href":"https:\/\/escolabressolelcau.com\/de\/wp-json\/wp\/v2\/pages\/864","targetHints":{"allow":["GET"]}}],"collection":[{"href":"https:\/\/escolabressolelcau.com\/de\/wp-json\/wp\/v2\/pages"}],"about":[{"href":"https:\/\/escolabressolelcau.com\/de\/wp-json\/wp\/v2\/types\/page"}],"author":[{"embeddable":true,"href":"https:\/\/escolabressolelcau.com\/de\/wp-json\/wp\/v2\/users\/1"}],"replies":[{"embeddable":true,"href":"https:\/\/escolabressolelcau.com\/de\/wp-json\/wp\/v2\/comments?post=864"}],"version-history":[{"count":4,"href":"https:\/\/escolabressolelcau.com\/de\/wp-json\/wp\/v2\/pages\/864\/revisions"}],"predecessor-version":[{"id":997,"href":"https:\/\/escolabressolelcau.com\/de\/wp-json\/wp\/v2\/pages\/864\/revisions\/997"}],"wp:attachment":[{"href":"https:\/\/escolabressolelcau.com\/de\/wp-json\/wp\/v2\/media?parent=864"}],"curies":[{"name":"wp","href":"https:\/\/api.w.org\/{rel}","templated":true}]}}