{"id":865,"date":"2022-08-01T11:08:49","date_gmt":"2022-08-01T11:08:49","guid":{"rendered":"https:\/\/escolabressolelcau.com\/?page_id=865"},"modified":"2025-05-11T07:29:32","modified_gmt":"2025-05-11T07:29:32","slug":"declaracion-de-privacidad","status":"publish","type":"page","link":"https:\/\/escolabressolelcau.com\/de\/declaracion-de-privacidad\/","title":{"rendered":"Datenschutzerkl\u00e4rung"},"content":{"rendered":"<p>In dieser Datenschutzerkl\u00e4rung erl\u00e4utern wir, was wir mit den Daten machen, die wir \u00fcber Sie erhalten&nbsp;<strong>El Cau-Kindergarten<\/strong>. Wir empfehlen Ihnen, diese Erkl\u00e4rung sorgf\u00e4ltig zu lesen. Bei unserer Verarbeitung halten wir uns an die Anforderungen der Datenschutzgesetzgebung. Was unter anderem bedeutet:<\/p>\n\n\n\n<ul class=\"wp-block-list\">\n<li>Wir geben deutlich an, f\u00fcr welche Zwecke wir personenbezogene Daten verarbeiten. Wir tun dies durch diese Datenschutzerkl\u00e4rung.<\/li>\n\n\n\n<li>Unser Ziel ist es, unsere Erhebung personenbezogener Daten auf die personenbezogenen Daten zu beschr\u00e4nken, die f\u00fcr legitime Zwecke erforderlich sind.<\/li>\n\n\n\n<li>Zun\u00e4chst bitten wir Sie um Ihre ausdr\u00fcckliche Zustimmung zur Behandlung Ihrer personenbezogenen Daten in F\u00e4llen, in denen dies erforderlich ist.<\/li>\n\n\n\n<li>wir treffen die geeigneten Sicherheitsma\u00dfnahmen, um Ihre personenbezogenen Daten zu sch\u00fctzen, und wir verlangen dies auch von den Parteien, die personenbezogene Daten in unserem Auftrag verarbeiten;<\/li>\n\n\n\n<li>Wir respektieren Ihr Recht auf Zugang, Berichtigung oder L\u00f6schung Ihrer personenbezogenen Daten auf Anfrage.<\/li>\n<\/ul>\n\n\n\n<p>Wenn Sie Fragen haben oder genau wissen m\u00f6chten, welche Daten wir \u00fcber Sie speichern, kontaktieren Sie uns bitte.<\/p>\n\n\n\n<h2 class=\"wp-block-heading\">1. Zweck, Daten und Aufbewahrungsfrist<\/h2>\n\n\n\n<p>Wir k\u00f6nnen personenbezogene Daten f\u00fcr eine Reihe von Zwecken im Zusammenhang mit unseren Gesch\u00e4ftst\u00e4tigkeiten erfassen oder erhalten, darunter die folgenden:<\/p>\n\n\n\n<h3 class=\"wp-block-heading\">1.1 Kontakt \u2013 Per Telefon, Post, E-Mail und\/oder Formulare auf der Website<a rel=\"noreferrer noopener nofollow\" href=\"https:\/\/cookiedatabase.org\/legal-bases\/#consent\" target=\"_blank\"><\/a><\/h3>\n\n\n\n<h2 class=\"wp-block-heading\">2. Teilen Sie mit anderen Parteien<\/h2>\n\n\n\n<p>Wir teilen keine Daten mit anderen Parteien<\/p>\n\n\n\n<h2 class=\"wp-block-heading\">3. Kekse<\/h2>\n\n\n\n<p>Nuestro sitio web utiliza cookies. Para m\u00e1s informaci\u00f3n acerca de las cookies, por favor refi\u00e9rase a nuestra Declaraci\u00f3n de\u00a0Pol\u00edtica de Cookies.\u00a0\u00a0La inclusi\u00f3n de direcciones IP completas es bloqueada por nosotros.\u00a0<\/p>\n\n\n\n<h2 class=\"wp-block-heading\">4. Sicherheit<\/h2>\n\n\n\n<p>Wir verpflichten uns zur Sicherheit personenbezogener Daten. Wir ergreifen geeignete Sicherheitsma\u00dfnahmen, um Missbrauch und unbefugten Zugriff auf personenbezogene Daten einzuschr\u00e4nken. Dadurch wird sichergestellt, dass nur die erforderlichen Personen Zugriff auf Ihre Daten haben, dass der Zugriff auf die Daten gesch\u00fctzt ist und dass unsere Sicherheitsma\u00dfnahmen regelm\u00e4\u00dfig \u00fcberpr\u00fcft werden.&nbsp;<\/p>\n\n\n\n<h2 class=\"wp-block-heading\">5. Websites von Drittanbietern<\/h2>\n\n\n\n<p>Diese Datenschutzerkl\u00e4rung gilt nicht f\u00fcr mit unserer Website verlinkte Websites Dritter. Wir k\u00f6nnen nicht garantieren, dass diese Dritten zuverl\u00e4ssig oder sicher mit Ihren personenbezogenen Daten umgehen. Wir empfehlen Ihnen, die Datenschutzerkl\u00e4rungen dieser Websites zu lesen, bevor Sie sie verwenden.&nbsp;<\/p>\n\n\n\n<h2 class=\"wp-block-heading\">6. Datenschutz und Verweis auf die Datenschutzerkl\u00e4rung<\/h2>\n\n\n\n<p>Wir behalten uns das Recht vor, diese Datenschutzerkl\u00e4rung zu \u00e4ndern. Es wird empfohlen, diese Datenschutzerkl\u00e4rung regelm\u00e4\u00dfig zu konsultieren, um \u00fcber \u00c4nderungen informiert zu sein. Dar\u00fcber hinaus werden wir Sie nach M\u00f6glichkeit aktiv informieren.&nbsp;<\/p>\n\n\n\n<h2 class=\"wp-block-heading\">7. Zugriff und \u00c4nderung Ihrer Daten<\/h2>\n\n\n\n<p>Wenn Sie Fragen haben oder wissen m\u00f6chten, welche personenbezogenen Daten wir \u00fcber Sie gespeichert haben, kontaktieren Sie uns bitte. Sie k\u00f6nnen uns unter Verwendung der folgenden Informationen kontaktieren. Sie haben folgende Rechte:<\/p>\n\n\n\n<ul class=\"wp-block-list\">\n<li>Sie haben das Recht zu erfahren, warum Ihre personenbezogenen Daten ben\u00f6tigt werden, was damit geschieht und wie lange sie aufbewahrt werden.<\/li>\n\n\n\n<li>Zugriffsrecht: Sie haben das Recht auf Zugriff auf die personenbezogenen Daten, die wir \u00fcber Sie kennen.<\/li>\n\n\n\n<li>Recht auf Berichtigung: Sie haben das Recht, Ihre personenbezogenen Daten zu vervollst\u00e4ndigen, zu berichtigen, zu l\u00f6schen oder zu sperren, wenn Sie dies w\u00fcnschen.<\/li>\n\n\n\n<li>Wenn Sie uns Ihre Einwilligung zur Verarbeitung Ihrer Daten geben, haben Sie das Recht, diese Einwilligung zu widerrufen, da Ihre personenbezogenen Daten gel\u00f6scht werden.<\/li>\n\n\n\n<li>Sie haben das Recht, Ihre Daten zu \u00fcbertragen: Sie haben das Recht, alle Ihre personenbezogenen Daten von dem f\u00fcr die Verarbeitung Verantwortlichen anzufordern und sie vollst\u00e4ndig an einen anderen f\u00fcr die Verarbeitung Verantwortlichen zu \u00fcbertragen.<\/li>\n\n\n\n<li>Widerspruchsrecht: Sie k\u00f6nnen der Verarbeitung Ihrer Daten widersprechen. Daran halten wir uns, es sei denn, es liegen berechtigte Gr\u00fcnde f\u00fcr die Verarbeitung vor.<\/li>\n<\/ul>\n\n\n\n<p>Bitte geben Sie immer deutlich an, wer Sie sind, damit wir sicher sein k\u00f6nnen, dass wir keine Daten der falschen Person \u00e4ndern oder l\u00f6schen.<\/p>\n\n\n\n<h2 class=\"wp-block-heading\">8. Einreichung einer Beschwerde<\/h2>\n\n\n\n<p>Wenn Sie mit der Art und Weise, wie wir Ihre personenbezogenen Daten behandeln oder verarbeiten, nicht zufrieden sind, haben Sie das Recht, eine Beschwerde bei der Datenschutzbeh\u00f6rde einzureichen.&nbsp;<\/p>\n\n\n\n<h2 class=\"wp-block-heading\">9. Kontaktdaten<\/h2>\n\n\n\n<ul class=\"wp-block-list\">\n<li><strong>Escola\u00a0Bressol El cau<\/strong><\/li>\n\n\n\n<li><strong>c\/ Vilardell 22 niedrig. Barcelona<\/strong><\/li>\n\n\n\n<li><strong>Tel.\u00a0<a href=\"tel: 3493934325875\">93 934 32 58 75<\/a><\/strong><\/li>\n\n\n\n<li><strong><a href=\"mailto:elcau@escolabressolelcau.com\">elcau@escolabressolelcau.com<\/a><\/strong><\/li>\n<\/ul>","protected":false},"excerpt":{"rendered":"<p>En esta declaraci\u00f3n de privacidad, explicamos lo que hacemos con los datos que obtenemos sobre usted a trav\u00e9s de&nbsp;Escola Bressol El Cau. Le recomendamos que lea atentamente esta declaraci\u00f3n. En nuestro procesamiento cumplimos con los requisitos de la legislaci\u00f3n de privacidad. Lo que significa, entre otras cosas, que: Si tiene alguna pregunta o desea saber &hellip;<\/p>\n<p class=\"read-more\"> <a class=\"\" href=\"https:\/\/escolabressolelcau.com\/de\/declaracion-de-privacidad\/\"> <span class=\"screen-reader-text\">Datenschutzerkl\u00e4rung<\/span> Weiterlesen &quot;<\/a><\/p>","protected":false},"author":1,"featured_media":0,"parent":0,"menu_order":0,"comment_status":"closed","ping_status":"closed","template":"","meta":{"_uag_custom_page_level_css":"","site-sidebar-layout":"default","site-content-layout":"default","ast-global-header-display":"","ast-main-header-display":"","ast-hfb-above-header-display":"","ast-hfb-below-header-display":"","ast-hfb-mobile-header-display":"","site-post-title":"","ast-breadcrumbs-content":"","ast-featured-img":"","footer-sml-layout":"","theme-transparent-header-meta":"","adv-header-id-meta":"","stick-header-meta":"","header-above-stick-meta":"","header-main-stick-meta":"","header-below-stick-meta":"","footnotes":""},"class_list":["post-865","page","type-page","status-publish","hentry"],"uagb_featured_image_src":{"full":false,"thumbnail":false,"medium":false,"medium_large":false,"large":false,"1536x1536":false,"2048x2048":false,"trp-custom-language-flag":false},"uagb_author_info":{"display_name":"admin","author_link":"https:\/\/escolabressolelcau.com\/de\/author\/antmotion\/"},"uagb_comment_info":0,"uagb_excerpt":"En esta declaraci\u00f3n de privacidad, explicamos lo que hacemos con los datos que obtenemos sobre usted a trav\u00e9s de&nbsp;Escola Bressol El Cau. Le recomendamos que lea atentamente esta declaraci\u00f3n. En nuestro procesamiento cumplimos con los requisitos de la legislaci\u00f3n de privacidad. Lo que significa, entre otras cosas, que: Si tiene alguna pregunta o desea saber&hellip;","_links":{"self":[{"href":"https:\/\/escolabressolelcau.com\/de\/wp-json\/wp\/v2\/pages\/865","targetHints":{"allow":["GET"]}}],"collection":[{"href":"https:\/\/escolabressolelcau.com\/de\/wp-json\/wp\/v2\/pages"}],"about":[{"href":"https:\/\/escolabressolelcau.com\/de\/wp-json\/wp\/v2\/types\/page"}],"author":[{"embeddable":true,"href":"https:\/\/escolabressolelcau.com\/de\/wp-json\/wp\/v2\/users\/1"}],"replies":[{"embeddable":true,"href":"https:\/\/escolabressolelcau.com\/de\/wp-json\/wp\/v2\/comments?post=865"}],"version-history":[{"count":4,"href":"https:\/\/escolabressolelcau.com\/de\/wp-json\/wp\/v2\/pages\/865\/revisions"}],"predecessor-version":[{"id":992,"href":"https:\/\/escolabressolelcau.com\/de\/wp-json\/wp\/v2\/pages\/865\/revisions\/992"}],"wp:attachment":[{"href":"https:\/\/escolabressolelcau.com\/de\/wp-json\/wp\/v2\/media?parent=865"}],"curies":[{"name":"wp","href":"https:\/\/api.w.org\/{rel}","templated":true}]}}