{"id":871,"date":"2022-08-01T11:28:01","date_gmt":"2022-08-01T11:28:01","guid":{"rendered":"https:\/\/escolabressolelcau.com\/politica-de-cookies-ue\/"},"modified":"2022-08-01T11:47:23","modified_gmt":"2022-08-01T11:47:23","slug":"politica-de-cookies-ue","status":"publish","type":"page","link":"https:\/\/escolabressolelcau.com\/de\/politica-de-cookies-ue\/","title":{"rendered":"Cookie-Richtlinie (EU)"},"content":{"rendered":"<!-- Legal document generated by Complianz | GDPR\/CCPA Cookie Consent https:\/\/wordpress.org\/plugins\/complianz-gdpr -->\n<div id=\"cmplz-document\" class=\"cmplz-document cookie-statement cmplz-document-eu\"><p><i>Diese Cookie-Richtlinie wurde zuletzt am August 1, 2022 aktualisiert und gilt f\u00fcr B\u00fcrger und Einwohner mit st\u00e4ndigem Wohnsitz im Europ\u00e4ischen Wirtschaftsraum und der Schweiz.<\/i><br><\/p><h2>1. Einleitung<\/h2><p>Unsere Internetseite, <a href=\"https:\/\/escolabressolelcau.com\/de\/\">https:\/\/escolabressolelcau.com\/de\/<\/a> (im following: \u201eDie Website\u201c) used Cookies and \u00e4chliche Technologien (der Einfachheit halber werden all diese under \u201eCookies\u201c zusammengefasst). Cookies werden auftunger von uns beauftragten Drittparteien platziert. In dem untenstehenden Dokument informieren wir Sie \u00fcber die Verwendung von Cookies auf unserer Website.<\/p><h2>2. Was sind Cookies?<\/h2><p>Ein Cookie ist ein einfaches kleines Datum, das zusammen mit den Seiten einer Internetadresse gespeichert und vom Webbrowser auf einem PC oder einem anderen Ger\u00e4t gespeichert werden kann. Die darin gespeicherten Informationen k\u00f6nnen bei den folgenden Besuchen an unsere oder die entsprechenden Drittanbieter-Server gesendet werden.<\/p><h2>3. Was sind Skripte?<\/h2><p>Ein Script ist ein St\u00fcck Programmcode, das benutzt WIRD, um unserer Website Functionality und Interaktivit\u00e4t zu famlichkeit. Dieser Code wird auf unseren Servern oder auf Ihrem Ger\u00e4t ausgef\u00fchrt.<\/p><h2>4. Was ist ein Web-Beacon?<\/h2><p>Ein Web-Beacon (auch bekannt als Pixel-Tag), ist ein kleines unsichtbares Textfragment oder Bild auf einer Website, das benutzt wird, um den Verkehr auf der Website zu \u00fcberwachen. Um Tage zu p\u00f6glichkeit werden diverse Daten von dir mittels Web-Beacons geigerpecht.<\/p><h2>5. Kekse<\/h2><p class=\"cmplz-subtitle\">5.1 Technische oder funktionale Cookies<\/p><p>Einige Cookies stellen sicher, dass Teile unserer Website ordnungsgem\u00e4\u00df funktionieren und Ihre Nutzervorlieben bekannt bleiben. Durch das Platzieren funktionaler Cookies machen wir dier feiner unsere Website zu besuchen. Auf diese Weise m\u00fcssen Sie beim Aufrufen unserer Website nicht wiederhardt die gleichen Informationen eingeben, oder Ihre Gegenzteben bleiben zum Beispiel in Ihrem Warenkorb bis Sie zahlst. Wir k\u00f6nnen diese Cookies ohne dein Einverst\u00e4ndnis platzieren.<\/p><p class=\"cmplz-subtitle\">5.2 Analytische Cookies<\/p><p>Wir verwenden analytische Cookies, um das Website-Erlebnis f\u00fcr unsere Nutzer zu optimieren. Mit diesen analytischen Cookies erhalten wir Einblicke in die Nutzung unserer Website. Wir bitten um deine Perlaubnis, analytische Cookies zu setzen.<\/p><p class=\"cmplz-subtitle\">5.3 Marketing-\/Tracking-Cookies<\/p><p>Marketing-\/Tracking-Cookies sind Cookies oder eine andere Form der lokalen Speicherung, die zur Erstellung von Benutzerprofilen verwendet werden.<\/p><h2>6. Platzierte Cookies<\/h2><div id=\"cmplz-cookies-overview\"><details class=\"cmplz-dropdown cmplz-service-desc cmplz-dropdown-cookiepolicy\">\n\t<summary class=\"cmplz-service-header\"><div>\n\t\t<h3>WooCommerce<\/h3>\n\t\t<p>Gegenstand der Pr\u00fcfung<\/p>\n\t\t<label for=\"cmplz_service_woocommerce\" class=\"cmplz_consent_per_service_label\"><span class=\"screen-reader-text\">Zustimmung zum Dienst Woocommerce<\/span><\/label>\n\t\t<input type=\"checkbox\" id=\"cmplz_service_woocommerce\" class=\"cmplz-accept-service cmplz-hidden\" data-service=\"woocommerce\" data-category=\"functional\"><\/div>\n\t<\/summary>\n\t<div class=\"cmplz-service-description\">\n\t\t<h4>Verwendungszweck<\/h4>\n\t\t<p><\/p>\n\t<\/div>\n\t<div class=\"cmplz-sharing-data\">\n\t\t<h4>Weitergabe von Daten<\/h4>\n\t\t<p>Diese Daten werden nicht an Dritte weitergegeben.<\/p>\n\t<\/div>\n\t<div class=\"cookies-per-purpose\">\n    <div class=\"purpose\"><h4>Gegenstand der Pr\u00fcfung<\/h4><\/div>\n    <div class=\"name-header\">\n\t<h5>Name<\/h5>\n<\/div>\n<div class=\"name\"><a target=\"_blank\" rel=\"noopener noreferrer nofollow\" href=\"https:\/\/cookiedatabase.org\/cookie\/unknown-service\/history-store\/\">Geschichte.store<\/a><\/div>\n<div class=\"retention-header\">\n\t<h5>Ablaufdatum<\/h5>\n<\/div>\n<div class=\"retention\"><\/div>\n<div class=\"function-header\">\n\t<h5>Funktion<\/h5>\n<\/div>\n<div class=\"function\"><\/div>\n\n<\/div>\n<\/details>\n<details class=\"cmplz-dropdown cmplz-service-desc cmplz-dropdown-cookiepolicy\">\n\t<summary class=\"cmplz-service-header\"><div>\n\t\t<h3>Andere<\/h3>\n\t\t<p>Gegenstand der Pr\u00fcfung<\/p>\n\t\t<label for=\"cmplz_service_sonstiges\" class=\"cmplz_consent_per_service_label\"><span class=\"screen-reader-text\">Consent to service sonstiges<\/span><\/label>\n\t\t<input type=\"checkbox\" id=\"cmplz_service_sonstiges\" class=\"cmplz-accept-service cmplz-hidden\" data-service=\"sonstiges\" data-category=\"functional\"><\/div>\n\t<\/summary>\n\t<div class=\"cmplz-service-description\">\n\t\t<h4>Verwendungszweck<\/h4>\n\t\t<p><\/p>\n\t<\/div>\n\t<div class=\"cmplz-sharing-data\">\n\t\t<h4>Weitergabe von Daten<\/h4>\n\t\t<p>Die Weitergabe von Daten wird noch instechts<\/p>\n\t<\/div>\n\t<div class=\"cookies-per-purpose\">\n    <div class=\"purpose\"><h4>Gegenstand der Pr\u00fcfung<\/h4><\/div>\n    <div class=\"name-header\">\n\t<h5>Name<\/h5>\n<\/div>\n<div class=\"name\">gt-aktueller-Bildschirm<\/div>\n<div class=\"retention-header\">\n\t<h5>Ablaufdatum<\/h5>\n<\/div>\n<div class=\"retention\"><\/div>\n<div class=\"function-header\">\n\t<h5>Funktion<\/h5>\n<\/div>\n<div class=\"function\"><\/div>\n<div class=\"name-header\">\n\t<h5>Name<\/h5>\n<\/div>\n<div class=\"name\">Rang-Mathe-Option-Sitemap-Index<\/div>\n<div class=\"retention-header\">\n\t<h5>Ablaufdatum<\/h5>\n<\/div>\n<div class=\"retention\"><\/div>\n<div class=\"function-header\">\n\t<h5>Funktion<\/h5>\n<\/div>\n<div class=\"function\"><\/div>\n<div class=\"name-header\">\n\t<h5>Name<\/h5>\n<\/div>\n<div class=\"name\">Rang-Mathe-Option-Titel-Index<\/div>\n<div class=\"retention-header\">\n\t<h5>Ablaufdatum<\/h5>\n<\/div>\n<div class=\"retention\"><\/div>\n<div class=\"function-header\">\n\t<h5>Funktion<\/h5>\n<\/div>\n<div class=\"function\"><\/div>\n<div class=\"name-header\">\n\t<h5>Name<\/h5>\n<\/div>\n<div class=\"name\">spectraCopyPasteStyles<\/div>\n<div class=\"retention-header\">\n\t<h5>Ablaufdatum<\/h5>\n<\/div>\n<div class=\"retention\"><\/div>\n<div class=\"function-header\">\n\t<h5>Funktion<\/h5>\n<\/div>\n<div class=\"function\"><\/div>\n<div class=\"name-header\">\n\t<h5>Name<\/h5>\n<\/div>\n<div class=\"name\">WP_DATA_USER_1<\/div>\n<div class=\"retention-header\">\n\t<h5>Ablaufdatum<\/h5>\n<\/div>\n<div class=\"retention\"><\/div>\n<div class=\"function-header\">\n\t<h5>Funktion<\/h5>\n<\/div>\n<div class=\"function\"><\/div>\n<div class=\"name-header\">\n\t<h5>Name<\/h5>\n<\/div>\n<div class=\"name\">Rang-Mathe-Option-Suchindex<\/div>\n<div class=\"retention-header\">\n\t<h5>Ablaufdatum<\/h5>\n<\/div>\n<div class=\"retention\"><\/div>\n<div class=\"function-header\">\n\t<h5>Funktion<\/h5>\n<\/div>\n<div class=\"function\"><\/div>\n<div class=\"name-header\">\n\t<h5>Name<\/h5>\n<\/div>\n<div class=\"name\">Rang-Mathe-Option-allgemeiner-Index<\/div>\n<div class=\"retention-header\">\n\t<h5>Ablaufdatum<\/h5>\n<\/div>\n<div class=\"retention\"><\/div>\n<div class=\"function-header\">\n\t<h5>Funktion<\/h5>\n<\/div>\n<div class=\"function\"><\/div>\n<div class=\"name-header\">\n\t<h5>Name<\/h5>\n<\/div>\n<div class=\"name\">_pk_id.1.39bf<\/div>\n<div class=\"retention-header\">\n\t<h5>Ablaufdatum<\/h5>\n<\/div>\n<div class=\"retention\"><\/div>\n<div class=\"function-header\">\n\t<h5>Funktion<\/h5>\n<\/div>\n<div class=\"function\"><\/div>\n<div class=\"name-header\">\n\t<h5>Name<\/h5>\n<\/div>\n<div class=\"name\">SL_G_WPT_TO<\/div>\n<div class=\"retention-header\">\n\t<h5>Ablaufdatum<\/h5>\n<\/div>\n<div class=\"retention\"><\/div>\n<div class=\"function-header\">\n\t<h5>Funktion<\/h5>\n<\/div>\n<div class=\"function\"><\/div>\n<div class=\"name-header\">\n\t<h5>Name<\/h5>\n<\/div>\n<div class=\"name\">SL_GWPT_Show_Hide_tmp<\/div>\n<div class=\"retention-header\">\n\t<h5>Ablaufdatum<\/h5>\n<\/div>\n<div class=\"retention\"><\/div>\n<div class=\"function-header\">\n\t<h5>Funktion<\/h5>\n<\/div>\n<div class=\"function\"><\/div>\n<div class=\"name-header\">\n\t<h5>Name<\/h5>\n<\/div>\n<div class=\"name\">SL_wptGlobTipTmp<\/div>\n<div class=\"retention-header\">\n\t<h5>Ablaufdatum<\/h5>\n<\/div>\n<div class=\"retention\"><\/div>\n<div class=\"function-header\">\n\t<h5>Funktion<\/h5>\n<\/div>\n<div class=\"function\"><\/div>\n<div class=\"name-header\">\n\t<h5>Name<\/h5>\n<\/div>\n<div class=\"name\">cmplz_policy_id<\/div>\n<div class=\"retention-header\">\n\t<h5>Ablaufdatum<\/h5>\n<\/div>\n<div class=\"retention\">365 Tejo<\/div>\n<div class=\"function-header\">\n\t<h5>Funktion<\/h5>\n<\/div>\n<div class=\"function\"><\/div>\n<div class=\"name-header\">\n\t<h5>Name<\/h5>\n<\/div>\n<div class=\"name\">cmplz_marketing<\/div>\n<div class=\"retention-header\">\n\t<h5>Ablaufdatum<\/h5>\n<\/div>\n<div class=\"retention\">365 Tejo<\/div>\n<div class=\"function-header\">\n\t<h5>Funktion<\/h5>\n<\/div>\n<div class=\"function\"><\/div>\n<div class=\"name-header\">\n\t<h5>Name<\/h5>\n<\/div>\n<div class=\"name\">cmplz_statistics<\/div>\n<div class=\"retention-header\">\n\t<h5>Ablaufdatum<\/h5>\n<\/div>\n<div class=\"retention\">365 Tejo<\/div>\n<div class=\"function-header\">\n\t<h5>Funktion<\/h5>\n<\/div>\n<div class=\"function\"><\/div>\n<div class=\"name-header\">\n\t<h5>Name<\/h5>\n<\/div>\n<div class=\"name\">cmplz_preferences<\/div>\n<div class=\"retention-header\">\n\t<h5>Ablaufdatum<\/h5>\n<\/div>\n<div class=\"retention\">365 Tejo<\/div>\n<div class=\"function-header\">\n\t<h5>Funktion<\/h5>\n<\/div>\n<div class=\"function\"><\/div>\n<div class=\"name-header\">\n\t<h5>Name<\/h5>\n<\/div>\n<div class=\"name\">cmplz_functional<\/div>\n<div class=\"retention-header\">\n\t<h5>Ablaufdatum<\/h5>\n<\/div>\n<div class=\"retention\">365 Tejo<\/div>\n<div class=\"function-header\">\n\t<h5>Funktion<\/h5>\n<\/div>\n<div class=\"function\"><\/div>\n<div class=\"name-header\">\n\t<h5>Name<\/h5>\n<\/div>\n<div class=\"name\">cmplz_banner-status<\/div>\n<div class=\"retention-header\">\n\t<h5>Ablaufdatum<\/h5>\n<\/div>\n<div class=\"retention\">365 Tejo<\/div>\n<div class=\"function-header\">\n\t<h5>Funktion<\/h5>\n<\/div>\n<div class=\"function\"><\/div>\n<div class=\"name-header\">\n\t<h5>Name<\/h5>\n<\/div>\n<div class=\"name\">Zeitzone<\/div>\n<div class=\"retention-header\">\n\t<h5>Ablaufdatum<\/h5>\n<\/div>\n<div class=\"retention\"><\/div>\n<div class=\"function-header\">\n\t<h5>Funktion<\/h5>\n<\/div>\n<div class=\"function\"><\/div>\n<div class=\"name-header\">\n\t<h5>Name<\/h5>\n<\/div>\n<div class=\"name\">_pk_id_1_39bf<\/div>\n<div class=\"retention-header\">\n\t<h5>Ablaufdatum<\/h5>\n<\/div>\n<div class=\"retention\"><\/div>\n<div class=\"function-header\">\n\t<h5>Funktion<\/h5>\n<\/div>\n<div class=\"function\"><\/div>\n<div class=\"name-header\">\n\t<h5>Name<\/h5>\n<\/div>\n<div class=\"name\">MOTOMO_SESSID<\/div>\n<div class=\"retention-header\">\n\t<h5>Ablaufdatum<\/h5>\n<\/div>\n<div class=\"retention\"><\/div>\n<div class=\"function-header\">\n\t<h5>Funktion<\/h5>\n<\/div>\n<div class=\"function\"><\/div>\n<div class=\"name-header\">\n\t<h5>Name<\/h5>\n<\/div>\n<div class=\"name\">cpsession<\/div>\n<div class=\"retention-header\">\n\t<h5>Ablaufdatum<\/h5>\n<\/div>\n<div class=\"retention\"><\/div>\n<div class=\"function-header\">\n\t<h5>Funktion<\/h5>\n<\/div>\n<div class=\"function\"><\/div>\n<div class=\"name-header\">\n\t<h5>Name<\/h5>\n<\/div>\n<div class=\"name\">_pk_ses.1.39bf<\/div>\n<div class=\"retention-header\">\n\t<h5>Ablaufdatum<\/h5>\n<\/div>\n<div class=\"retention\"><\/div>\n<div class=\"function-header\">\n\t<h5>Funktion<\/h5>\n<\/div>\n<div class=\"function\"><\/div>\n<div class=\"name-header\">\n\t<h5>Name<\/h5>\n<\/div>\n<div class=\"name\">_pk_ses_1_39bf<\/div>\n<div class=\"retention-header\">\n\t<h5>Ablaufdatum<\/h5>\n<\/div>\n<div class=\"retention\"><\/div>\n<div class=\"function-header\">\n\t<h5>Funktion<\/h5>\n<\/div>\n<div class=\"function\"><\/div>\n<div class=\"name-header\">\n\t<h5>Name<\/h5>\n<\/div>\n<div class=\"name\">wpEmojiSettingsSupports<\/div>\n<div class=\"retention-header\">\n\t<h5>Ablaufdatum<\/h5>\n<\/div>\n<div class=\"retention\"><\/div>\n<div class=\"function-header\">\n\t<h5>Funktion<\/h5>\n<\/div>\n<div class=\"function\"><\/div>\n<div class=\"name-header\">\n\t<h5>Name<\/h5>\n<\/div>\n<div class=\"name\">wp_lang<\/div>\n<div class=\"retention-header\">\n\t<h5>Ablaufdatum<\/h5>\n<\/div>\n<div class=\"retention\"><\/div>\n<div class=\"function-header\">\n\t<h5>Funktion<\/h5>\n<\/div>\n<div class=\"function\"><\/div>\n\n<\/div>\n<\/details>\n<\/div><h2>7. Genehmigung<\/h2><p>Wenn du unsere Website das erste Mal besuchst, zeigen wir dir ein Pop-Up mit einer Erkl\u00e4rung \u00fcber Cookies. Sobald Sie auf \u201eEinstellungen speichern\u201c klicken, geben Sie Ihre Zustimmung zu allen ausgew\u00e4hlten Kategorien von Cookies und Plugins wie in dieser Cookie-Erkl\u00e4rung beschrieben. Du kannst die Verwendung von Cookies \u00fcber deinen Browser deaktivieren, aber bitte beachte, dass unsere Website dann nicht richtig funktioniert.<\/p><p class=\"cmplz-subtitle\">7.1 Verwalte deine Zustimmungseinstellungen<\/p><div id=\"cmplz-manage-consent-container-nojavascript\">Du hast die Cookie-Richtlinie ohne Javascript-Unterst\u00fctzung geladen. Unter AMP k\u00f6nnen Sie die Freigabe unten auf der Seite \u00fcber den Button best\u00e4tigen.<\/div><div id=\"cmplz-manage-consent-container\" name=\"cmplz-manage-consent-container\" class=\"cmplz-manage-consent-container\"><\/div><h2>8. Aktivierung\/Deaktivierung und L\u00f6schen von Cookies<\/h2><p>Sie k\u00f6nnen Ihren Internetbrowser automatisch oder manuell verwenden, um Cookies zu l\u00f6schen. Sie k\u00f6nnen auch angeben, ob spezielle Cookies nicht platziert werden sollen. Eine andere M\u00f6glichkeit ist dein Internetbrowser derart zug\u00e4nglich, dass du jedes Mal benachrichtig wirst, wenn ein Cookie platziert wird. F\u00fcr weitere Informationen \u00fcber diese M\u00f6glichkeiten beachten Sie die Hinweise in der Hilfesektion Ihres Browsers.<\/p><p>Bitte nimm zur Kentniss, dass unsere Website-M\u00f6glichkeit nicht richtig funktioniert, wenn alle Cookies deaktiviert sind. Wenn du die Cookies in deinem Browser l\u00f6scht, werden diese neuplatziert, wenn du unsere Website erneut besuchst.<\/p><h2>9. Ihre Rechte in Bezug auf personenbezogene Daten<\/h2><p>Sie haben folgende Rechte in Bezug auf Ihre personenbezogenen Daten:<\/p><ul>\n                    <li>Du hast das Recht zu wissen, warum deine osselb\u00e4ndi Daten gebraucht werden, was mit ihnen passiert und wie lange diese verwahrt werden.<\/li>\n                    <li>Zugriffsrecht: Du hast das Recht deine uns bekannten pers\u00f6nlichen Daten einz\u00fcshen.<\/li>\n                    <li>Recht auf Berichtigung: Sie haben das Recht, Ihre personenbezogenen Daten l\u00f6schen, l\u00f6schen oder sperren zu lassen.<\/li>\n                    <li>Wenn du uns dein Einverst\u00e4ndnis zur Verarbeitung deiner Daten geben hast, hast du das Recht dieses Einverst\u00e4ndnisses zu widerrufen und deine osselb\u00e4ndi Daten l\u00f6schen zu lassen.<\/li>\n                    <li>Recht auf Datentransfer deiner Daten: Du hast das Recht, alle deine pers\u00f6nlichen Daten von einem Kontrolleur anzufordern und ihrer Gesamtheit zu einem anderen Kontrolleur zu transferieren.<\/li>\n                    <li>Widerspruchsrecht: Du kannst der Verarbeitung deiner Daten widersprechen. Wir passen dem, es sei denn, es gibt berechtigte Gr\u00fcnde f\u00fcr die Verarbeitung.<\/li>\n                <\/ul><p>Um diese Rechte auszu\u00fcben kontaktieren Sie uns bitte. Bitte beziehen Sie sich auf die Kontaktdaten am Ende dieser Cookie-Ekl\u00e4rung. If du Eine Beschwerde darber\u00fcber hast, wie wir deine Daten behandeln, w\u00fcrden wir diese gerne h\u00f6ren, aber du hast auch das Recht diese an die Aufsichtsbeh\u00f6rde (der Datenschutzbeh\u00f6rde) zu richten.<\/p><h2>10. Kontaktdaten<\/h2><p>Bei Fragen und\/oder Kommentaren zu unseren Cookie-Richtlinien und dieser Erkl\u00e4rung kontaktieren Sie uns bitte \u00fcber die folgenden Kontaktdaten:<\/p><p><span class=\"cmplz-contact-organisation\">El Cau-Kindergarten<\/span><br>\n                      <span class=\"cmplz-contact-address\">c\/ Vilardell 22 niedrig. Barcelona<\/span><br>\n                      <span class=\"cmplz-contact-country\">Spanien<\/span><br>\n                    Webseite: <span class=\"cmplz-contact-domain\"><a href=\"https:\/\/escolabressolelcau.com\/de\/\">https:\/\/escolabressolelcau.com\/de\/<\/a><\/span><br>\n                    Email: <span class=\"cmplz-contact-email\"><span class=\"cmplz-obfuscate\">m&#x6f;&#099;&#x2e;&#x75;a&#099;le&#x6c;&#x6f;sserbal&#x6f;cse&#x40;u&#097;cle<\/span><\/span><br>\n                    <span class=\"cmplz-contact-telephone\">Telefonnummer: 93 934 32 58 75<\/span><\/p><p>Diese Cookie-Richtlinie wurde mit <a href=\"https:\/\/cookiedatabase.org\/\" target=\"_blank\" rel=\"nofollow noopener\">cookiedatabase.org<\/a> am August 1, 2022 synchronisiert.<\/p><\/div>","protected":false},"excerpt":{"rendered":"","protected":false},"author":1,"featured_media":0,"parent":0,"menu_order":0,"comment_status":"closed","ping_status":"closed","template":"","meta":{"_uag_custom_page_level_css":"","site-sidebar-layout":"default","site-content-layout":"default","ast-global-header-display":"","ast-main-header-display":"","ast-hfb-above-header-display":"","ast-hfb-below-header-display":"","ast-hfb-mobile-header-display":"","site-post-title":"","ast-breadcrumbs-content":"","ast-featured-img":"","footer-sml-layout":"","theme-transparent-header-meta":"","adv-header-id-meta":"","stick-header-meta":"","header-above-stick-meta":"","header-main-stick-meta":"","header-below-stick-meta":"","footnotes":""},"class_list":["post-871","page","type-page","status-publish","hentry"],"uagb_featured_image_src":{"full":false,"thumbnail":false,"medium":false,"medium_large":false,"large":false,"1536x1536":false,"2048x2048":false,"trp-custom-language-flag":false},"uagb_author_info":{"display_name":"admin","author_link":"https:\/\/escolabressolelcau.com\/de\/author\/antmotion\/"},"uagb_comment_info":0,"uagb_excerpt":null,"_links":{"self":[{"href":"https:\/\/escolabressolelcau.com\/de\/wp-json\/wp\/v2\/pages\/871","targetHints":{"allow":["GET"]}}],"collection":[{"href":"https:\/\/escolabressolelcau.com\/de\/wp-json\/wp\/v2\/pages"}],"about":[{"href":"https:\/\/escolabressolelcau.com\/de\/wp-json\/wp\/v2\/types\/page"}],"author":[{"embeddable":true,"href":"https:\/\/escolabressolelcau.com\/de\/wp-json\/wp\/v2\/users\/1"}],"replies":[{"embeddable":true,"href":"https:\/\/escolabressolelcau.com\/de\/wp-json\/wp\/v2\/comments?post=871"}],"version-history":[{"count":2,"href":"https:\/\/escolabressolelcau.com\/de\/wp-json\/wp\/v2\/pages\/871\/revisions"}],"predecessor-version":[{"id":998,"href":"https:\/\/escolabressolelcau.com\/de\/wp-json\/wp\/v2\/pages\/871\/revisions\/998"}],"wp:attachment":[{"href":"https:\/\/escolabressolelcau.com\/de\/wp-json\/wp\/v2\/media?parent=871"}],"curies":[{"name":"wp","href":"https:\/\/api.w.org\/{rel}","templated":true}]}}