{"id":572,"date":"2021-06-18T06:33:33","date_gmt":"2021-06-18T06:33:33","guid":{"rendered":"https:\/\/escolabressolelcau.com\/home\/"},"modified":"2022-10-04T18:30:28","modified_gmt":"2022-10-04T18:30:28","slug":"home","status":"publish","type":"page","link":"https:\/\/escolabressolelcau.com\/en\/","title":{"rendered":"El Cau Nursery School"},"content":{"rendered":"<div style=\"height:90px\" aria-hidden=\"true\" class=\"wp-block-spacer\"><\/div>\n\n\n\n<div class=\"wp-block-cover alignfull\" style=\"padding-top:33px;padding-right:33px;padding-bottom:33px;padding-left:33px;min-height:559px;aspect-ratio:unset;\"><span aria-hidden=\"true\" class=\"wp-block-cover__background has-ast-global-color-7-background-color has-background-dim-70 has-background-dim\"><\/span><img loading=\"lazy\" decoding=\"async\" width=\"2560\" height=\"1920\" class=\"wp-block-cover__image-background wp-image-931\" alt=\"\" src=\"https:\/\/escolabressolelcau.com\/wp-content\/uploads\/2022\/09\/escola-bressol-el-cau-foto-scaled.jpg\" data-object-fit=\"cover\" srcset=\"https:\/\/escolabressolelcau.com\/wp-content\/uploads\/2022\/09\/escola-bressol-el-cau-foto-scaled.jpg 2560w, https:\/\/escolabressolelcau.com\/wp-content\/uploads\/2022\/09\/escola-bressol-el-cau-foto-300x225.jpg 300w, https:\/\/escolabressolelcau.com\/wp-content\/uploads\/2022\/09\/escola-bressol-el-cau-foto-1024x768.jpg 1024w, https:\/\/escolabressolelcau.com\/wp-content\/uploads\/2022\/09\/escola-bressol-el-cau-foto-768x576.jpg 768w, https:\/\/escolabressolelcau.com\/wp-content\/uploads\/2022\/09\/escola-bressol-el-cau-foto-1536x1152.jpg 1536w, https:\/\/escolabressolelcau.com\/wp-content\/uploads\/2022\/09\/escola-bressol-el-cau-foto-2048x1536.jpg 2048w\" sizes=\"auto, (max-width: 2560px) 100vw, 2560px\" \/><div class=\"wp-block-cover__inner-container is-layout-flow wp-block-cover-is-layout-flow\">\n<h1 class=\"has-text-align-center has-ast-global-color-2-color has-text-color wp-block-heading\" id=\"inici\">EL CAU NURSERY SCHOOL<\/h1>\n\n\n\n<div class=\"wp-block-columns alignwide are-vertically-aligned-center is-layout-flex wp-container-core-columns-is-layout-28f84493 wp-block-columns-is-layout-flex\">\n<div class=\"wp-block-column is-vertically-aligned-center is-layout-flow wp-block-column-is-layout-flow\"><\/div>\n\n\n\n<div class=\"wp-block-column is-vertically-aligned-center is-layout-flow wp-block-column-is-layout-flow\">\n<hr class=\"wp-block-separator has-text-color has-ast-global-color-0-color has-css-opacity has-ast-global-color-0-background-color has-background is-style-wide\"\/>\n\n\n\n<h5 class=\"has-text-align-right has-ast-global-color-2-color has-text-color wp-block-heading\">It is essential that in our school the child is happy between hugs, caresses, kisses and laughter.<\/h5>\n\n\n\n<p><\/p>\n\n\n\n<p class=\"has-text-align-right has-ast-global-color-3-color has-text-color\"><strong>Every child and family is unique. We adapt to their routines and habits. Following the same customs everything is easier!<br><\/strong><\/p>\n<\/div>\n<\/div>\n\n\n\n<div class=\"wp-block-soliloquy-soliloquywp\"><div class=\"soliloquy-outer-container soliloquy-carousel\" data-soliloquy-loaded=\"0\"><div aria-live=\"polite\" id=\"soliloquy-container-950\" class=\"soliloquy-container soliloquy-transition-horizontal soliloquy-slide-horizontal soliloquy-controls-active soliloquy-arrows-active  soliloquy-theme-base no-js\" style=\"max-width:960px;margin:0 auto 20px;max-width:100%;max-height:none;\"><ul id=\"soliloquy-950\" class=\"soliloquy-slider soliloquy-slides soliloquy-wrap soliloquy-clear\"><li aria-hidden=\"true\" class=\"soliloquy-item soliloquy-item-1 soliloquy-id-950-fraseshome soliloquy-html-slide\" draggable=\"false\" style=\"list-style:none;\"><div class=\"soliloquy-html-sentinel soliloquy-clear\" style=\"position:static;display:block;visibility:hidden;z-index:-10000;top:0;left:0;width:100%;height:300px;\"><div class=\"soliloquy-html-content soliloquy-clear\"><p style=\"color:#000;font-size:21px\"><strong>We are all a family.<\/strong><\/p><\/div><\/div><\/li><li aria-hidden=\"true\" class=\"soliloquy-item soliloquy-item-2 soliloquy-id-950-fraseshome2 soliloquy-html-slide\" draggable=\"false\" style=\"list-style:none;\"><div class=\"soliloquy-html-sentinel soliloquy-clear\" style=\"position:static;display:block;visibility:hidden;z-index:-10000;top:0;left:0;width:100%;height:300px;\"><div class=\"soliloquy-html-content soliloquy-clear\"><p style=\"color:#000;font-size:21px\"><strong>Small groups help us get to know each other better. Individual work is fundamental in our school.<\/strong><\/p><\/div><\/div><\/li><li aria-hidden=\"true\" class=\"soliloquy-item soliloquy-item-3 soliloquy-id-950-fraseshome3 soliloquy-html-slide\" draggable=\"false\" style=\"list-style:none;\"><div class=\"soliloquy-html-sentinel soliloquy-clear\" style=\"position:static;display:block;visibility:hidden;z-index:-10000;top:0;left:0;width:100%;height:300px;\"><div class=\"soliloquy-html-content soliloquy-clear\"><p style=\"color:#000;font-size:21px\"><strong>We offer an open and free, quiet, stimulating and welcoming space to give children the opportunity to grow and learn through play.<\/strong><\/p><\/div><\/div><\/li><\/ul><\/div><noscript><div class=\"soliloquy-no-js\" style=\"display:none;visibility:hidden;height:0;line-height:0;opacity:0;\"><\/div><\/noscript><\/div><\/div>\n<\/div><\/div>\n\n\n\n<div style=\"height:55px\" aria-hidden=\"true\" class=\"wp-block-spacer\"><\/div>\n\n\n\n<figure class=\"wp-block-embed is-type-video is-provider-youtube wp-block-embed-youtube wp-embed-aspect-16-9 wp-has-aspect-ratio\"><div class=\"wp-block-embed__wrapper\">\n<div class=\"ast-oembed-container\" style=\"height: 100%;\"><iframe loading=\"lazy\" title=\"VIDEO PRESENTATION CAU\" width=\"500\" height=\"281\" src=\"https:\/\/www.youtube.com\/embed\/V_43D0uRGAI?feature=oembed\" frameborder=\"0\" allow=\"accelerometer; autoplay; clipboard-write; encrypted-media; gyroscope; picture-in-picture; web-share\" referrerpolicy=\"strict-origin-when-cross-origin\" allowfullscreen><\/iframe><\/div>\n<\/div><\/figure>\n\n\n\n<div style=\"height:55px\" aria-hidden=\"true\" class=\"wp-block-spacer\"><\/div>\n\n\n\n<div class=\"inherit-container-width wp-block-group alignfull has-ast-global-color-5-background-color has-background is-layout-constrained wp-block-group-is-layout-constrained\"><div class=\"wp-block-group__inner-container\">\n<h2 class=\"has-text-align-center wp-block-heading\" id=\"alimentacio\">FOOD<\/h2>\n\n\n\n<hr class=\"wp-block-separator has-text-color has-ast-global-color-0-color has-css-opacity has-ast-global-color-0-background-color has-background aligncenter\"\/>\n\n\n\n<p class=\"has-text-align-center\">Our cook, Alba, with a great passion for cooking, provides us with a healthy, balanced and sugar-free diet adapted to each child at school.<\/p>\n\n\n\n<p class=\"has-text-align-center\"><strong>It is essential, for us, to respect the eating routines and customs of all families and make lunch a moment of sensations, emotions and learning<\/strong><\/p>\n<\/div><\/div>\n\n\n\n<div class=\"wp-block-cover alignfull is-light has-parallax\" style=\"background-image:url(https:\/\/escolabressolelcau.com\/wp-content\/uploads\/2022\/07\/cama-montesori.jpg);min-height:600px;aspect-ratio:unset;\"><span aria-hidden=\"true\" class=\"wp-block-cover__background has-ast-global-color-5-background-color has-background-dim-0 has-background-dim\"><\/span><div class=\"wp-block-cover__inner-container is-layout-flow wp-block-cover-is-layout-flow\">\n<div class=\"wp-block-media-text has-media-on-the-right is-stacked-on-mobile is-vertically-aligned-center\"><figure class=\"wp-block-media-text__media\"><\/figure><div class=\"wp-block-media-text__content\">\n<div class=\"inherit-container-width wp-block-group has-ast-global-color-5-background-color has-background is-layout-constrained wp-container-core-group-is-layout-071e8d20 wp-block-group-is-layout-constrained\" style=\"padding-top:33px;padding-right:33px;padding-bottom:33px;padding-left:33px\"><div class=\"wp-block-group__inner-container\">\n<h2 class=\"has-text-align-center has-ast-global-color-2-color has-text-color wp-block-heading\" id=\"descans\">REST<\/h2>\n\n\n\n<hr class=\"wp-block-separator has-text-color has-ast-global-color-0-color has-css-opacity has-ast-global-color-0-background-color has-background aligncenter\"\/>\n\n\n\n<p class=\"has-ast-global-color-2-color has-text-color\">Rest is essential, especially during childhood. A rested child is a happy child, connected to his environment and open to learning and playing with everything around him.<\/p>\n\n\n\n<h5 class=\"has-ast-global-color-2-color has-text-color wp-block-heading\">Each child is unique and therefore each break must be unique and respected.<\/h5>\n\n\n\n<figure class=\"wp-block-image size-full uag-hide-desktop uag-hide-desktop\"><img loading=\"lazy\" decoding=\"async\" width=\"719\" height=\"720\" src=\"https:\/\/escolabressolelcau.com\/wp-content\/uploads\/2022\/07\/DESCANS-edited.jpg\" alt=\"\" class=\"wp-image-839\" srcset=\"https:\/\/escolabressolelcau.com\/wp-content\/uploads\/2022\/07\/DESCANS-edited.jpg 719w, https:\/\/escolabressolelcau.com\/wp-content\/uploads\/2022\/07\/DESCANS-edited-300x300.jpg 300w, https:\/\/escolabressolelcau.com\/wp-content\/uploads\/2022\/07\/DESCANS-edited-150x150.jpg 150w\" sizes=\"auto, (max-width: 719px) 100vw, 719px\" \/><\/figure>\n\n\n\n<p class=\"has-ast-global-color-2-color has-text-color\">In our school we offer children Montessori beds. Beds that are within the children&#039;s reach and that allow lots of hugs, caresses, words and songs in the ear and kisses with such an important moment as sleep. Moments of companionship for those who need it before sleep and calm awakenings accompanied by hugs with a &quot;good morning&quot;.<\/p>\n<\/div><\/div>\n<\/div><\/div>\n\n\n\n<p><\/p>\n<\/div><\/div>\n\n\n\n<div style=\"height:33px\" aria-hidden=\"true\" class=\"wp-block-spacer\"><\/div>\n\n\n\n<h5 class=\"has-text-align-center wp-block-heading\">At our school it is essential to respect the habits of each child<br>and spoil &quot;the break&quot; at school.<\/h5>\n\n\n\n<div class=\"inherit-container-width wp-block-group alignfull has-ast-global-color-5-background-color has-background is-layout-constrained wp-block-group-is-layout-constrained\"><div class=\"wp-block-group__inner-container\">\n<h2 class=\"has-text-align-center wp-block-heading\" id=\"exterior\">THE OUTSIDE<\/h2>\n\n\n\n<hr class=\"wp-block-separator has-text-color has-ast-global-color-0-color has-css-opacity has-ast-global-color-0-background-color has-background aligncenter\"\/>\n\n\n\n<p class=\"has-text-align-center\">We consider our school&#039;s outdoor space a place of many educational opportunities, where children are enriched with varied, imaginative and creative play that also invites them to be close to nature.<\/p>\n\n\n\n<div class=\"wp-block-media-text alignwide has-media-on-the-right is-stacked-on-mobile\"><figure class=\"wp-block-media-text__media\"><img loading=\"lazy\" decoding=\"async\" width=\"1024\" height=\"768\" src=\"https:\/\/escolabressolelcau.com\/wp-content\/uploads\/2022\/08\/EXTERIOR.jpg\" alt=\"\" class=\"wp-image-858 size-full\" srcset=\"https:\/\/escolabressolelcau.com\/wp-content\/uploads\/2022\/08\/EXTERIOR.jpg 1024w, https:\/\/escolabressolelcau.com\/wp-content\/uploads\/2022\/08\/EXTERIOR-300x225.jpg 300w, https:\/\/escolabressolelcau.com\/wp-content\/uploads\/2022\/08\/EXTERIOR-768x576.jpg 768w\" sizes=\"auto, (max-width: 1024px) 100vw, 1024px\" \/><\/figure><div class=\"wp-block-media-text__content\">\n<p>It allows them a space to be active, have spontaneous movement, feel free and learn about themselves. They can run, jump, climb, roll... get to know their body!<\/p>\n\n\n\n<h5 class=\"wp-block-heading\">At our school we are always ready for a new day...<\/h5>\n\n\n\n<p>The weather helps us enjoy our beloved outdoor space in different ways!<\/p>\n<\/div><\/div>\n\n\n\n<div class=\"wp-block-columns alignwide are-vertically-aligned-center is-layout-flex wp-container-core-columns-is-layout-2691f033 wp-block-columns-is-layout-flex\" style=\"padding-top:11px;padding-right:11px;padding-bottom:11px;padding-left:11px\">\n<div class=\"wp-block-column is-vertically-aligned-center is-layout-flow wp-block-column-is-layout-flow\">\n<figure class=\"wp-block-image size-full\"><img loading=\"lazy\" decoding=\"async\" width=\"768\" height=\"1024\" src=\"https:\/\/escolabressolelcau.com\/wp-content\/uploads\/2022\/07\/FOTO-10.2.jpg\" alt=\"\" class=\"wp-image-744\" srcset=\"https:\/\/escolabressolelcau.com\/wp-content\/uploads\/2022\/07\/FOTO-10.2.jpg 768w, https:\/\/escolabressolelcau.com\/wp-content\/uploads\/2022\/07\/FOTO-10.2-225x300.jpg 225w\" sizes=\"auto, (max-width: 768px) 100vw, 768px\" \/><\/figure>\n\n\n\n<hr class=\"wp-block-separator has-text-color has-ast-global-color-0-color has-css-opacity has-ast-global-color-0-background-color has-background is-style-wide\"\/>\n\n\n\n<p>It rains? We put on raincoats and water boots to touch and feel the rain!<\/p>\n<\/div>\n\n\n\n<div class=\"wp-block-column is-vertically-aligned-center is-layout-flow wp-block-column-is-layout-flow\">\n<figure class=\"wp-block-image size-full\"><img loading=\"lazy\" decoding=\"async\" width=\"1200\" height=\"1600\" src=\"https:\/\/escolabressolelcau.com\/wp-content\/uploads\/2022\/08\/fred-edited.jpg\" alt=\"\" class=\"wp-image-861\" srcset=\"https:\/\/escolabressolelcau.com\/wp-content\/uploads\/2022\/08\/fred-edited.jpg 1200w, https:\/\/escolabressolelcau.com\/wp-content\/uploads\/2022\/08\/fred-edited-225x300.jpg 225w, https:\/\/escolabressolelcau.com\/wp-content\/uploads\/2022\/08\/fred-edited-768x1024.jpg 768w, https:\/\/escolabressolelcau.com\/wp-content\/uploads\/2022\/08\/fred-edited-1152x1536.jpg 1152w\" sizes=\"auto, (max-width: 1200px) 100vw, 1200px\" \/><\/figure>\n\n\n\n<hr class=\"wp-block-separator has-text-color has-ast-global-color-0-color has-css-opacity has-ast-global-color-0-background-color has-background is-style-wide\"\/>\n\n\n\n<p>It is cold? We warm up and discover that we can have a good time when we are warm and moving!<\/p>\n<\/div>\n\n\n\n<div class=\"wp-block-column is-vertically-aligned-center is-layout-flow wp-block-column-is-layout-flow\">\n<figure class=\"wp-block-image size-full\"><img loading=\"lazy\" decoding=\"async\" width=\"768\" height=\"1024\" src=\"https:\/\/escolabressolelcau.com\/wp-content\/uploads\/2022\/08\/calor.-escola-bressol-el-cau.jpg\" alt=\"\" class=\"wp-image-860\" srcset=\"https:\/\/escolabressolelcau.com\/wp-content\/uploads\/2022\/08\/calor.-escola-bressol-el-cau.jpg 768w, https:\/\/escolabressolelcau.com\/wp-content\/uploads\/2022\/08\/calor.-escola-bressol-el-cau-225x300.jpg 225w\" sizes=\"auto, (max-width: 768px) 100vw, 768px\" \/><\/figure>\n\n\n\n<hr class=\"wp-block-separator has-text-color has-ast-global-color-0-color has-css-opacity has-ast-global-color-0-background-color has-background is-style-wide\"\/>\n\n\n\n<p>It&#039;s hot? How about we take off our shoes or cool off with water games?<\/p>\n<\/div>\n<\/div>\n\n\n\n<div class=\"wp-block-columns alignwide is-layout-flex wp-container-core-columns-is-layout-28f84493 wp-block-columns-is-layout-flex\">\n<div class=\"wp-block-column is-layout-flow wp-block-column-is-layout-flow\">\n<p>We love our yard! We become great painters and decorate their walls with paintings of many colors. We fill it with life and color with many flowers that we spoil every day with songs and water.<\/p>\n<\/div>\n\n\n\n<div class=\"wp-block-column is-layout-flow wp-block-column-is-layout-flow\">\n<p>Let&#039;s also be farmers! We take care of our small lemon and orange tree and plant strawberries, carrots, tomatoes in our garden... which we observe and take care of every week.<\/p>\n<\/div>\n<\/div>\n\n\n\n<p class=\"has-text-align-center\">Our outdoor patio brings us closer to nature. It allows us to play with stones, branches, leaves,<br> smell the flowers, feel the cold and the heat, the rain...<\/p>\n\n\n\n<h5 class=\"has-text-align-center wp-block-heading\">Outside we feel a sense of freedom, of life, of pleasure! feel the sun,<br> air, cold and heat makes us feel free, alive!<\/h5>\n<\/div><\/div>\n\n\n\n<div class=\"inherit-container-width wp-block-group alignfull has-ast-global-color-5-background-color has-background is-layout-constrained wp-block-group-is-layout-constrained\"><div class=\"wp-block-group__inner-container\">\n<div class=\"wp-block-media-text alignwide has-media-on-the-right is-stacked-on-mobile\"><figure class=\"wp-block-media-text__media\"><img loading=\"lazy\" decoding=\"async\" width=\"1024\" height=\"768\" src=\"https:\/\/escolabressolelcau.com\/wp-content\/uploads\/2022\/08\/IOGA.jpg\" alt=\"\" class=\"wp-image-849 size-full\" srcset=\"https:\/\/escolabressolelcau.com\/wp-content\/uploads\/2022\/08\/IOGA.jpg 1024w, https:\/\/escolabressolelcau.com\/wp-content\/uploads\/2022\/08\/IOGA-300x225.jpg 300w, https:\/\/escolabressolelcau.com\/wp-content\/uploads\/2022\/08\/IOGA-768x576.jpg 768w\" sizes=\"auto, (max-width: 1024px) 100vw, 1024px\" \/><\/figure><div class=\"wp-block-media-text__content\">\n<h2 class=\"has-text-align-center has-ast-global-color-2-color has-text-color wp-block-heading\" id=\"ioga\">YOGA<\/h2>\n\n\n\n<hr class=\"wp-block-separator has-text-color has-ast-global-color-0-color has-css-opacity has-ast-global-color-0-background-color has-background aligncenter\"\/>\n\n\n\n<p class=\"has-ast-global-color-3-color has-text-color\">We bring the school closer to yoga by providing the children with relaxation, tranquility, attention and awareness and management of their own emotions. Yoga allows you to know your own body.<\/p>\n\n\n\n<p><strong>&quot;Stopping to be able to feel, reflect and breathe&quot;<\/strong><\/p>\n<\/div><\/div>\n<\/div><\/div>\n\n\n\n<section class=\"wp-block-group alignfull has-ast-global-color-0-background-color has-background is-layout-constrained wp-container-core-group-is-layout-73c07e67 wp-block-group-is-layout-constrained\">\n<h2 class=\"has-text-align-center has-ast-global-color-4-color has-text-color wp-block-heading\" id=\"equip\">TEACHING TEAM<\/h2>\n\n\n\n<hr class=\"wp-block-separator has-text-color has-ast-global-color-0-color has-css-opacity has-ast-global-color-0-background-color has-background aligncenter\"\/>\n\n\n\n<h3 class=\"has-text-align-center has-ast-global-color-4-color has-text-color wp-block-heading\">Live, active, dreamy and inspiring group with a single purpose\u2026<br>let the child be happy!<\/h3>\n<\/section>\n\n\n\n<div class=\"inherit-container-width wp-block-group alignfull is-layout-constrained wp-block-group-is-layout-constrained\"><div class=\"wp-block-group__inner-container\">\n<h2 class=\"has-text-align-center wp-block-heading\">Teamwork,<br>The key<br>to touch<br>The sky !<\/h2>\n<\/div><\/div>","protected":false},"excerpt":{"rendered":"<p>FOOD Our cook, Alba, with a great passion for cooking, provides us with a healthy, balanced and sugar-free diet adapted to each child at school. It is essential, for us, to respect the eating routines and customs of all families and make lunch a moment of sensations, emotions and learning A la...<\/p>\n<p class=\"read-more\"> <a class=\"\" href=\"https:\/\/escolabressolelcau.com\/en\/\"> <span class=\"screen-reader-text\">El Cau Nursery School<\/span> Read More \u00bb<\/a><\/p>","protected":false},"author":1,"featured_media":0,"parent":0,"menu_order":0,"comment_status":"closed","ping_status":"closed","template":"","meta":{"_uag_custom_page_level_css":"","site-sidebar-layout":"no-sidebar","site-content-layout":"plain-container","ast-global-header-display":"","ast-main-header-display":"","ast-hfb-above-header-display":"","ast-hfb-below-header-display":"","ast-hfb-mobile-header-display":"","site-post-title":"disabled","ast-breadcrumbs-content":"disabled","ast-featured-img":"disabled","footer-sml-layout":"","theme-transparent-header-meta":"enabled","adv-header-id-meta":"","stick-header-meta":"","header-above-stick-meta":"","header-main-stick-meta":"","header-below-stick-meta":"","footnotes":""},"class_list":["post-572","page","type-page","status-publish","hentry"],"uagb_featured_image_src":{"full":false,"thumbnail":false,"medium":false,"medium_large":false,"large":false,"1536x1536":false,"2048x2048":false,"trp-custom-language-flag":false},"uagb_author_info":{"display_name":"admin","author_link":"https:\/\/escolabressolelcau.com\/en\/author\/antmotion\/"},"uagb_comment_info":0,"uagb_excerpt":"ALIMENTACI\u00d3 La nostra cuinera, l&#8217;Alba, amb una gran vocaci\u00f3 per la cuina, ens proporciona una dieta sana, equilibrada i lliure de sucres adaptada a cada nen-a de l&#8217;escola. \u00c9s primordial, per nosaltres, respectar les rutines i costums alimentaris de totes les fam\u00edlies i fer del dinar un moment de sensacions, emocions i aprenentatges A la&hellip;","_links":{"self":[{"href":"https:\/\/escolabressolelcau.com\/en\/wp-json\/wp\/v2\/pages\/572","targetHints":{"allow":["GET"]}}],"collection":[{"href":"https:\/\/escolabressolelcau.com\/en\/wp-json\/wp\/v2\/pages"}],"about":[{"href":"https:\/\/escolabressolelcau.com\/en\/wp-json\/wp\/v2\/types\/page"}],"author":[{"embeddable":true,"href":"https:\/\/escolabressolelcau.com\/en\/wp-json\/wp\/v2\/users\/1"}],"replies":[{"embeddable":true,"href":"https:\/\/escolabressolelcau.com\/en\/wp-json\/wp\/v2\/comments?post=572"}],"version-history":[{"count":108,"href":"https:\/\/escolabressolelcau.com\/en\/wp-json\/wp\/v2\/pages\/572\/revisions"}],"predecessor-version":[{"id":984,"href":"https:\/\/escolabressolelcau.com\/en\/wp-json\/wp\/v2\/pages\/572\/revisions\/984"}],"wp:attachment":[{"href":"https:\/\/escolabressolelcau.com\/en\/wp-json\/wp\/v2\/media?parent=572"}],"curies":[{"name":"wp","href":"https:\/\/api.w.org\/{rel}","templated":true}]}}