{"id":865,"date":"2022-08-01T11:08:49","date_gmt":"2022-08-01T11:08:49","guid":{"rendered":"https:\/\/escolabressolelcau.com\/?page_id=865"},"modified":"2025-05-11T07:29:32","modified_gmt":"2025-05-11T07:29:32","slug":"declaracion-de-privacidad","status":"publish","type":"page","link":"https:\/\/escolabressolelcau.com\/en\/declaracion-de-privacidad\/","title":{"rendered":"Privacy statement"},"content":{"rendered":"<p>In this privacy statement, we explain what we do with the data we obtain about you through&nbsp;<strong>El Cau Nursery School<\/strong>. We recommend that you read this statement carefully. In our processing we comply with the requirements of privacy legislation. Which means, among other things, that:<\/p>\n\n\n\n<ul class=\"wp-block-list\">\n<li>We clearly indicate the purposes for which we process personal data. We do this through this privacy statement.<\/li>\n\n\n\n<li>our objective is to limit our collection of personal data to the personal data necessary for legitimate purposes.<\/li>\n\n\n\n<li>first of all, we request your explicit consent for the treatment of your personal data in cases where it is necessary.<\/li>\n\n\n\n<li>we take the appropriate security measures to protect your personal data and we also demand it from the parties that process personal data on our behalf;<\/li>\n\n\n\n<li>We respect your right to access, rectify or cancel your personal data upon request.<\/li>\n<\/ul>\n\n\n\n<p>If you have any questions or want to know exactly what data we store about you, please contact us.<\/p>\n\n\n\n<h2 class=\"wp-block-heading\">1. Purpose, data and retention period<\/h2>\n\n\n\n<p>We may collect or receive personal information for a number of purposes related to our commercial operations, which may include the following:<\/p>\n\n\n\n<h3 class=\"wp-block-heading\">1.1 Contact \u2013 By phone, mail, email and\/or forms on the site<a rel=\"noreferrer noopener nofollow\" href=\"https:\/\/cookiedatabase.org\/legal-bases\/#consent\" target=\"_blank\"><\/a><\/h3>\n\n\n\n<h2 class=\"wp-block-heading\">2. Share with other parties<\/h2>\n\n\n\n<p>We do not share data with other parties<\/p>\n\n\n\n<h2 class=\"wp-block-heading\">3. Cookies<\/h2>\n\n\n\n<p>Nuestro sitio web utiliza cookies. Para m\u00e1s informaci\u00f3n acerca de las cookies, por favor refi\u00e9rase a nuestra Declaraci\u00f3n de\u00a0Pol\u00edtica de Cookies.\u00a0\u00a0La inclusi\u00f3n de direcciones IP completas es bloqueada por nosotros.\u00a0<\/p>\n\n\n\n<h2 class=\"wp-block-heading\">4. Security<\/h2>\n\n\n\n<p>We are committed to the security of personal data. We take appropriate security measures to limit abuse and unauthorized access to personal data. This ensures that only the necessary people have access to your data, that access to the data is protected and that our security measures are reviewed regularly.&nbsp;<\/p>\n\n\n\n<h2 class=\"wp-block-heading\">5. Third party websites<\/h2>\n\n\n\n<p>This privacy statement does not apply to third-party websites linked to our website. We cannot guarantee that these third parties handle your personal data reliably or securely. We recommend that you read the privacy statements of these websites before using them.&nbsp;<\/p>\n\n\n\n<h2 class=\"wp-block-heading\">6. Privacy and reference to the privacy statement<\/h2>\n\n\n\n<p>We reserve the right to amend this privacy statement. It is recommended that you consult this privacy statement regularly to be aware of any changes. In addition, we will actively inform you whenever possible.&nbsp;<\/p>\n\n\n\n<h2 class=\"wp-block-heading\">7. Access and modification of your data<\/h2>\n\n\n\n<p>If you have any questions or want to know what personal data we have on you, please contact us. You can contact us using the following information. You have the following rights:<\/p>\n\n\n\n<ul class=\"wp-block-list\">\n<li>You have the right to know why your personal data is needed, what will happen with it and how long it will be kept.<\/li>\n\n\n\n<li>Right of access: You have the right to access the personal data we know about you.<\/li>\n\n\n\n<li>Right of rectification: you have the right to complete, rectify, delete or block your personal data when you wish.<\/li>\n\n\n\n<li>If you give us your consent to process your data, you have the right to revoke said consent as your personal data is deleted.<\/li>\n\n\n\n<li>Right to transfer your data: you have the right to request all your personal data from the controller and to transfer them entirely to another controller.<\/li>\n\n\n\n<li>Right of opposition: you can object to the processing of your data. We comply with this, unless there are justified reasons for the processing.<\/li>\n<\/ul>\n\n\n\n<p>Please be sure to always clearly indicate who you are, so that we can be sure that we do not modify or delete any data of the wrong person.<\/p>\n\n\n\n<h2 class=\"wp-block-heading\">8. Submitting a complaint<\/h2>\n\n\n\n<p>If you are not satisfied with the way we treat or process your personal data, you have the right to file a complaint with the Data Protection Authority.&nbsp;<\/p>\n\n\n\n<h2 class=\"wp-block-heading\">9. Contact details<\/h2>\n\n\n\n<ul class=\"wp-block-list\">\n<li><strong>Escola\u00a0Bressol El cau<\/strong><\/li>\n\n\n\n<li><strong>c\/ Vilardell 22 low. Barcelona<\/strong><\/li>\n\n\n\n<li><strong>Tel.\u00a0<a href=\"tel: 3493934325875\">93 934 32 58 75<\/a><\/strong><\/li>\n\n\n\n<li><strong><a href=\"mailto:elcau@escolabressolelcau.com\">elcau@escolabressolelcau.com<\/a><\/strong><\/li>\n<\/ul>","protected":false},"excerpt":{"rendered":"<p>En esta declaraci\u00f3n de privacidad, explicamos lo que hacemos con los datos que obtenemos sobre usted a trav\u00e9s de&nbsp;Escola Bressol El Cau. Le recomendamos que lea atentamente esta declaraci\u00f3n. En nuestro procesamiento cumplimos con los requisitos de la legislaci\u00f3n de privacidad. Lo que significa, entre otras cosas, que: Si tiene alguna pregunta o desea saber &hellip;<\/p>\n<p class=\"read-more\"> <a class=\"\" href=\"https:\/\/escolabressolelcau.com\/en\/declaracion-de-privacidad\/\"> <span class=\"screen-reader-text\">Privacy statement<\/span> Read More \u00bb<\/a><\/p>","protected":false},"author":1,"featured_media":0,"parent":0,"menu_order":0,"comment_status":"closed","ping_status":"closed","template":"","meta":{"_uag_custom_page_level_css":"","site-sidebar-layout":"default","site-content-layout":"default","ast-global-header-display":"","ast-main-header-display":"","ast-hfb-above-header-display":"","ast-hfb-below-header-display":"","ast-hfb-mobile-header-display":"","site-post-title":"","ast-breadcrumbs-content":"","ast-featured-img":"","footer-sml-layout":"","theme-transparent-header-meta":"","adv-header-id-meta":"","stick-header-meta":"","header-above-stick-meta":"","header-main-stick-meta":"","header-below-stick-meta":"","footnotes":""},"class_list":["post-865","page","type-page","status-publish","hentry"],"uagb_featured_image_src":{"full":false,"thumbnail":false,"medium":false,"medium_large":false,"large":false,"1536x1536":false,"2048x2048":false,"trp-custom-language-flag":false},"uagb_author_info":{"display_name":"admin","author_link":"https:\/\/escolabressolelcau.com\/en\/author\/antmotion\/"},"uagb_comment_info":0,"uagb_excerpt":"En esta declaraci\u00f3n de privacidad, explicamos lo que hacemos con los datos que obtenemos sobre usted a trav\u00e9s de&nbsp;Escola Bressol El Cau. Le recomendamos que lea atentamente esta declaraci\u00f3n. En nuestro procesamiento cumplimos con los requisitos de la legislaci\u00f3n de privacidad. Lo que significa, entre otras cosas, que: Si tiene alguna pregunta o desea saber&hellip;","_links":{"self":[{"href":"https:\/\/escolabressolelcau.com\/en\/wp-json\/wp\/v2\/pages\/865","targetHints":{"allow":["GET"]}}],"collection":[{"href":"https:\/\/escolabressolelcau.com\/en\/wp-json\/wp\/v2\/pages"}],"about":[{"href":"https:\/\/escolabressolelcau.com\/en\/wp-json\/wp\/v2\/types\/page"}],"author":[{"embeddable":true,"href":"https:\/\/escolabressolelcau.com\/en\/wp-json\/wp\/v2\/users\/1"}],"replies":[{"embeddable":true,"href":"https:\/\/escolabressolelcau.com\/en\/wp-json\/wp\/v2\/comments?post=865"}],"version-history":[{"count":4,"href":"https:\/\/escolabressolelcau.com\/en\/wp-json\/wp\/v2\/pages\/865\/revisions"}],"predecessor-version":[{"id":992,"href":"https:\/\/escolabressolelcau.com\/en\/wp-json\/wp\/v2\/pages\/865\/revisions\/992"}],"wp:attachment":[{"href":"https:\/\/escolabressolelcau.com\/en\/wp-json\/wp\/v2\/media?parent=865"}],"curies":[{"name":"wp","href":"https:\/\/api.w.org\/{rel}","templated":true}]}}