{"id":572,"date":"2021-06-18T06:33:33","date_gmt":"2021-06-18T06:33:33","guid":{"rendered":"https:\/\/escolabressolelcau.com\/home\/"},"modified":"2022-10-04T18:30:28","modified_gmt":"2022-10-04T18:30:28","slug":"home","status":"publish","type":"page","link":"https:\/\/escolabressolelcau.com\/es\/","title":{"rendered":"Guarder\u00eda El Cau"},"content":{"rendered":"<div style=\"height:90px\" aria-hidden=\"true\" class=\"wp-block-spacer\"><\/div>\n\n\n\n<div class=\"wp-block-cover alignfull\" style=\"padding-top:33px;padding-right:33px;padding-bottom:33px;padding-left:33px;min-height:559px;aspect-ratio:unset;\"><span aria-hidden=\"true\" class=\"wp-block-cover__background has-ast-global-color-7-background-color has-background-dim-70 has-background-dim\"><\/span><img loading=\"lazy\" decoding=\"async\" width=\"2560\" height=\"1920\" class=\"wp-block-cover__image-background wp-image-931\" alt=\"\" src=\"https:\/\/escolabressolelcau.com\/wp-content\/uploads\/2022\/09\/escola-bressol-el-cau-foto-scaled.jpg\" data-object-fit=\"cover\" srcset=\"https:\/\/escolabressolelcau.com\/wp-content\/uploads\/2022\/09\/escola-bressol-el-cau-foto-scaled.jpg 2560w, https:\/\/escolabressolelcau.com\/wp-content\/uploads\/2022\/09\/escola-bressol-el-cau-foto-300x225.jpg 300w, https:\/\/escolabressolelcau.com\/wp-content\/uploads\/2022\/09\/escola-bressol-el-cau-foto-1024x768.jpg 1024w, https:\/\/escolabressolelcau.com\/wp-content\/uploads\/2022\/09\/escola-bressol-el-cau-foto-768x576.jpg 768w, https:\/\/escolabressolelcau.com\/wp-content\/uploads\/2022\/09\/escola-bressol-el-cau-foto-1536x1152.jpg 1536w, https:\/\/escolabressolelcau.com\/wp-content\/uploads\/2022\/09\/escola-bressol-el-cau-foto-2048x1536.jpg 2048w\" sizes=\"auto, (max-width: 2560px) 100vw, 2560px\" \/><div class=\"wp-block-cover__inner-container is-layout-flow wp-block-cover-is-layout-flow\">\n<h1 class=\"has-text-align-center has-ast-global-color-2-color has-text-color wp-block-heading\" id=\"inici\">ESCUELA CUNA EL CAU<\/h1>\n\n\n\n<div class=\"wp-block-columns alignwide are-vertically-aligned-center is-layout-flex wp-container-core-columns-is-layout-28f84493 wp-block-columns-is-layout-flex\">\n<div class=\"wp-block-column is-vertically-aligned-center is-layout-flow wp-block-column-is-layout-flow\"><\/div>\n\n\n\n<div class=\"wp-block-column is-vertically-aligned-center is-layout-flow wp-block-column-is-layout-flow\">\n<hr class=\"wp-block-separator has-text-color has-ast-global-color-0-color has-css-opacity has-ast-global-color-0-background-color has-background is-style-wide\"\/>\n\n\n\n<h5 class=\"has-text-align-right has-ast-global-color-2-color has-text-color wp-block-heading\">Es primordial que en nuestra escuela el ni\u00f1o sea feliz entre abrazos, caricias, besos y risas.<\/h5>\n\n\n\n<p><\/p>\n\n\n\n<p class=\"has-text-align-right has-ast-global-color-3-color has-text-color\"><strong>Cada ni\u00f1o y su familia son \u00fanicos. Nos adaptamos a sus rutinas y h\u00e1bitos. \u00a1Siguiendo las mismas costumbres todo es m\u00e1s f\u00e1cil!<br><\/strong><\/p>\n<\/div>\n<\/div>\n\n\n\n<div class=\"wp-block-soliloquy-soliloquywp\"><div class=\"soliloquy-outer-container soliloquy-carousel\" data-soliloquy-loaded=\"0\"><div aria-live=\"polite\" id=\"soliloquy-container-950\" class=\"soliloquy-container soliloquy-transition-horizontal soliloquy-slide-horizontal soliloquy-controls-active soliloquy-arrows-active  soliloquy-theme-base no-js\" style=\"max-width:960px;margin:0 auto 20px;max-width:100%;max-height:none;\"><ul id=\"soliloquy-950\" class=\"soliloquy-slider soliloquy-slides soliloquy-wrap soliloquy-clear\"><li aria-hidden=\"true\" class=\"soliloquy-item soliloquy-item-1 soliloquy-id-950-fraseshome soliloquy-html-slide\" draggable=\"false\" style=\"list-style:none;\"><div class=\"soliloquy-html-sentinel soliloquy-clear\" style=\"position:static;display:block;visibility:hidden;z-index:-10000;top:0;left:0;width:100%;height:300px;\"><div class=\"soliloquy-html-content soliloquy-clear\"><p style=\"color:#000;font-size:21px\"><strong>Todos somos una familia.<\/strong><\/p><\/div><\/div><\/li><li aria-hidden=\"true\" class=\"soliloquy-item soliloquy-item-2 soliloquy-id-950-fraseshome2 soliloquy-html-slide\" draggable=\"false\" style=\"list-style:none;\"><div class=\"soliloquy-html-sentinel soliloquy-clear\" style=\"position:static;display:block;visibility:hidden;z-index:-10000;top:0;left:0;width:100%;height:300px;\"><div class=\"soliloquy-html-content soliloquy-clear\"><p style=\"color:#000;font-size:21px\"><strong>Los grupos reducidos nos ayudan a conocernos mejor. El trabajo individualizado es fundamental en nuestra escuela.<\/strong><\/p><\/div><\/div><\/li><li aria-hidden=\"true\" class=\"soliloquy-item soliloquy-item-3 soliloquy-id-950-fraseshome3 soliloquy-html-slide\" draggable=\"false\" style=\"list-style:none;\"><div class=\"soliloquy-html-sentinel soliloquy-clear\" style=\"position:static;display:block;visibility:hidden;z-index:-10000;top:0;left:0;width:100%;height:300px;\"><div class=\"soliloquy-html-content soliloquy-clear\"><p style=\"color:#000;font-size:21px\"><strong>Ofrecemos un espacio abierto y libre, tranquilo, lleno de est\u00edmulos y acogedor para dar a los ni\u00f1os la oportunidad de crecer y aprender jugando.<\/strong><\/p><\/div><\/div><\/li><\/ul><\/div><noscript><div class=\"soliloquy-no-js\" style=\"display:none;visibility:hidden;height:0;line-height:0;opacity:0;\"><\/div><\/noscript><\/div><\/div>\n<\/div><\/div>\n\n\n\n<div style=\"height:55px\" aria-hidden=\"true\" class=\"wp-block-spacer\"><\/div>\n\n\n\n<figure class=\"wp-block-embed is-type-video is-provider-youtube wp-block-embed-youtube wp-embed-aspect-16-9 wp-has-aspect-ratio\"><div class=\"wp-block-embed__wrapper\">\n<div class=\"ast-oembed-container\" style=\"height: 100%;\"><iframe loading=\"lazy\" title=\"VIDEO PRESENTACI\u00d3N CAE\" width=\"500\" height=\"281\" src=\"https:\/\/www.youtube.com\/embed\/V_43D0uRGAI?feature=oembed\" frameborder=\"0\" allow=\"accelerometer; autoplay; clipboard-write; encrypted-media; gyroscope; picture-in-picture; web-share\" referrerpolicy=\"strict-origin-when-cross-origin\" allowfullscreen><\/iframe><\/div>\n<\/div><\/figure>\n\n\n\n<div style=\"height:55px\" aria-hidden=\"true\" class=\"wp-block-spacer\"><\/div>\n\n\n\n<div class=\"inherit-container-width wp-block-group alignfull has-ast-global-color-5-background-color has-background is-layout-constrained wp-block-group-is-layout-constrained\"><div class=\"wp-block-group__inner-container\">\n<h2 class=\"has-text-align-center wp-block-heading\" id=\"alimentacio\">ALIMENTACI\u00d3N<\/h2>\n\n\n\n<hr class=\"wp-block-separator has-text-color has-ast-global-color-0-color has-css-opacity has-ast-global-color-0-background-color has-background aligncenter\"\/>\n\n\n\n<p class=\"has-text-align-center\">Nuestra cocinera, Alba, con una gran vocaci\u00f3n por la cocina, nos proporciona una dieta sana, equilibrada y libre de az\u00facares adaptada a cada ni\u00f1o de la escuela.<\/p>\n\n\n\n<p class=\"has-text-align-center\"><strong>Es primordial, para nosotros, respetar las rutinas y costumbres alimentarias de todas las familias y hacer de la comida un momento de sensaciones, emociones y aprendizajes<\/strong><\/p>\n<\/div><\/div>\n\n\n\n<div class=\"wp-block-cover alignfull is-light has-parallax\" style=\"background-image:url(https:\/\/escolabressolelcau.com\/wp-content\/uploads\/2022\/07\/cama-montesori.jpg);min-height:600px;aspect-ratio:unset;\"><span aria-hidden=\"true\" class=\"wp-block-cover__background has-ast-global-color-5-background-color has-background-dim-0 has-background-dim\"><\/span><div class=\"wp-block-cover__inner-container is-layout-flow wp-block-cover-is-layout-flow\">\n<div class=\"wp-block-media-text has-media-on-the-right is-stacked-on-mobile is-vertically-aligned-center\"><figure class=\"wp-block-media-text__media\"><\/figure><div class=\"wp-block-media-text__content\">\n<div class=\"inherit-container-width wp-block-group has-ast-global-color-5-background-color has-background is-layout-constrained wp-container-core-group-is-layout-071e8d20 wp-block-group-is-layout-constrained\" style=\"padding-top:33px;padding-right:33px;padding-bottom:33px;padding-left:33px\"><div class=\"wp-block-group__inner-container\">\n<h2 class=\"has-text-align-center has-ast-global-color-2-color has-text-color wp-block-heading\" id=\"descans\">DESCANSO<\/h2>\n\n\n\n<hr class=\"wp-block-separator has-text-color has-ast-global-color-0-color has-css-opacity has-ast-global-color-0-background-color has-background aligncenter\"\/>\n\n\n\n<p class=\"has-ast-global-color-2-color has-text-color\">El descanso es fundamental, especialmente en la infancia. Un ni\u00f1o descansado es un ni\u00f1o feliz, conectado a su entorno y abierto a aprender y jugar con todo lo que le rodea.<\/p>\n\n\n\n<h5 class=\"has-ast-global-color-2-color has-text-color wp-block-heading\">Cada ni\u00f1o es \u00fanico y por tanto cada descanso debe ser \u00fanico y respetado.<\/h5>\n\n\n\n<figure class=\"wp-block-image size-full uag-hide-desktop uag-hide-desktop\"><img loading=\"lazy\" decoding=\"async\" width=\"719\" height=\"720\" src=\"https:\/\/escolabressolelcau.com\/wp-content\/uploads\/2022\/07\/DESCANS-edited.jpg\" alt=\"\" class=\"wp-image-839\" srcset=\"https:\/\/escolabressolelcau.com\/wp-content\/uploads\/2022\/07\/DESCANS-edited.jpg 719w, https:\/\/escolabressolelcau.com\/wp-content\/uploads\/2022\/07\/DESCANS-edited-300x300.jpg 300w, https:\/\/escolabressolelcau.com\/wp-content\/uploads\/2022\/07\/DESCANS-edited-150x150.jpg 150w\" sizes=\"auto, (max-width: 719px) 100vw, 719px\" \/><\/figure>\n\n\n\n<p class=\"has-ast-global-color-2-color has-text-color\">En nuestra escuela ofrecemos a los ni\u00f1os camas Montessori. Camas que est\u00e1n al alcance de los ni\u00f1os y que permiten muchos abrazos, caricias, palabras y canciones en el o\u00eddo y besos con un momento tan importante como es el dormir. Momentos de acompa\u00f1amiento para aquellos que lo necesitan antes de dormir y despertares tranquilos acompa\u00f1ados de abrazos con un \u201cbuenos d\u00edas\u201d.<\/p>\n<\/div><\/div>\n<\/div><\/div>\n\n\n\n<p><\/p>\n<\/div><\/div>\n\n\n\n<div style=\"height:33px\" aria-hidden=\"true\" class=\"wp-block-spacer\"><\/div>\n\n\n\n<h5 class=\"has-text-align-center wp-block-heading\">En nuestra escuela es primordial respetar los h\u00e1bitos de cada ni\u00f1o-a<br>y mimar &quot;el descanso&quot; en la escuela.<\/h5>\n\n\n\n<div class=\"inherit-container-width wp-block-group alignfull has-ast-global-color-5-background-color has-background is-layout-constrained wp-block-group-is-layout-constrained\"><div class=\"wp-block-group__inner-container\">\n<h2 class=\"has-text-align-center wp-block-heading\" id=\"exterior\">EL EXTERIOR<\/h2>\n\n\n\n<hr class=\"wp-block-separator has-text-color has-ast-global-color-0-color has-css-opacity has-ast-global-color-0-background-color has-background aligncenter\"\/>\n\n\n\n<p class=\"has-text-align-center\">Consideramos el espacio exterior de nuestra escuela un lugar de muchas oportunidades educativas, donde los ni\u00f1os\/as se enriquecen con un juego variado, imaginativo y creativo que adem\u00e1s les invita a estar cercanos a la naturaleza.<\/p>\n\n\n\n<div class=\"wp-block-media-text alignwide has-media-on-the-right is-stacked-on-mobile\"><figure class=\"wp-block-media-text__media\"><img loading=\"lazy\" decoding=\"async\" width=\"1024\" height=\"768\" src=\"https:\/\/escolabressolelcau.com\/wp-content\/uploads\/2022\/08\/EXTERIOR.jpg\" alt=\"\" class=\"wp-image-858 size-full\" srcset=\"https:\/\/escolabressolelcau.com\/wp-content\/uploads\/2022\/08\/EXTERIOR.jpg 1024w, https:\/\/escolabressolelcau.com\/wp-content\/uploads\/2022\/08\/EXTERIOR-300x225.jpg 300w, https:\/\/escolabressolelcau.com\/wp-content\/uploads\/2022\/08\/EXTERIOR-768x576.jpg 768w\" sizes=\"auto, (max-width: 1024px) 100vw, 1024px\" \/><\/figure><div class=\"wp-block-media-text__content\">\n<p>Les permite un espacio para estar activos, tener movimiento espont\u00e1neo, sentirse libres y aprender sobre s\u00ed mismos. Pueden correr, saltar, taladrar, rodar\u2026 \u00a1conocer su cuerpo!<\/p>\n\n\n\n<h5 class=\"wp-block-heading\">En nuestro colegio siempre estamos preparados para un nuevo d\u00eda\u2026<\/h5>\n\n\n\n<p>\u00a1El tiempo nos ayuda a disfrutar de diferentes maneras de nuestro querido espacio al aire libre!<\/p>\n<\/div><\/div>\n\n\n\n<div class=\"wp-block-columns alignwide are-vertically-aligned-center is-layout-flex wp-container-core-columns-is-layout-2691f033 wp-block-columns-is-layout-flex\" style=\"padding-top:11px;padding-right:11px;padding-bottom:11px;padding-left:11px\">\n<div class=\"wp-block-column is-vertically-aligned-center is-layout-flow wp-block-column-is-layout-flow\">\n<figure class=\"wp-block-image size-full\"><img loading=\"lazy\" decoding=\"async\" width=\"768\" height=\"1024\" src=\"https:\/\/escolabressolelcau.com\/wp-content\/uploads\/2022\/07\/FOTO-10.2.jpg\" alt=\"\" class=\"wp-image-744\" srcset=\"https:\/\/escolabressolelcau.com\/wp-content\/uploads\/2022\/07\/FOTO-10.2.jpg 768w, https:\/\/escolabressolelcau.com\/wp-content\/uploads\/2022\/07\/FOTO-10.2-225x300.jpg 225w\" sizes=\"auto, (max-width: 768px) 100vw, 768px\" \/><\/figure>\n\n\n\n<hr class=\"wp-block-separator has-text-color has-ast-global-color-0-color has-css-opacity has-ast-global-color-0-background-color has-background is-style-wide\"\/>\n\n\n\n<p>Llueve? \u00a1Nos ponemos los impermeables y las botas de agua para tocar y sentir la lluvia!<\/p>\n<\/div>\n\n\n\n<div class=\"wp-block-column is-vertically-aligned-center is-layout-flow wp-block-column-is-layout-flow\">\n<figure class=\"wp-block-image size-full\"><img loading=\"lazy\" decoding=\"async\" width=\"1200\" height=\"1600\" src=\"https:\/\/escolabressolelcau.com\/wp-content\/uploads\/2022\/08\/fred-edited.jpg\" alt=\"\" class=\"wp-image-861\" srcset=\"https:\/\/escolabressolelcau.com\/wp-content\/uploads\/2022\/08\/fred-edited.jpg 1200w, https:\/\/escolabressolelcau.com\/wp-content\/uploads\/2022\/08\/fred-edited-225x300.jpg 225w, https:\/\/escolabressolelcau.com\/wp-content\/uploads\/2022\/08\/fred-edited-768x1024.jpg 768w, https:\/\/escolabressolelcau.com\/wp-content\/uploads\/2022\/08\/fred-edited-1152x1536.jpg 1152w\" sizes=\"auto, (max-width: 1200px) 100vw, 1200px\" \/><\/figure>\n\n\n\n<hr class=\"wp-block-separator has-text-color has-ast-global-color-0-color has-css-opacity has-ast-global-color-0-background-color has-background is-style-wide\"\/>\n\n\n\n<p>\u00bfHace fr\u00edo? \u00a1Nos abrigamos y descubrimos que bien abrigados y con movimiento podemos pasarlo bien!<\/p>\n<\/div>\n\n\n\n<div class=\"wp-block-column is-vertically-aligned-center is-layout-flow wp-block-column-is-layout-flow\">\n<figure class=\"wp-block-image size-full\"><img loading=\"lazy\" decoding=\"async\" width=\"768\" height=\"1024\" src=\"https:\/\/escolabressolelcau.com\/wp-content\/uploads\/2022\/08\/calor.-escola-bressol-el-cau.jpg\" alt=\"\" class=\"wp-image-860\" srcset=\"https:\/\/escolabressolelcau.com\/wp-content\/uploads\/2022\/08\/calor.-escola-bressol-el-cau.jpg 768w, https:\/\/escolabressolelcau.com\/wp-content\/uploads\/2022\/08\/calor.-escola-bressol-el-cau-225x300.jpg 225w\" sizes=\"auto, (max-width: 768px) 100vw, 768px\" \/><\/figure>\n\n\n\n<hr class=\"wp-block-separator has-text-color has-ast-global-color-0-color has-css-opacity has-ast-global-color-0-background-color has-background is-style-wide\"\/>\n\n\n\n<p>\u00bfHace calor? \u00bfQu\u00e9 tal si nos descalzamos o refrescamos con juegos de agua?<\/p>\n<\/div>\n<\/div>\n\n\n\n<div class=\"wp-block-columns alignwide is-layout-flex wp-container-core-columns-is-layout-28f84493 wp-block-columns-is-layout-flex\">\n<div class=\"wp-block-column is-layout-flow wp-block-column-is-layout-flow\">\n<p>\u00a1Amamos nuestro patio! Nos convertimos en grandes pintores y adornamos sus paredes con pinturas de muchos colores. Lo llenamos de vida y de color con muchas flores que cada d\u00eda mimamos con canciones y agua.<\/p>\n<\/div>\n\n\n\n<div class=\"wp-block-column is-layout-flow wp-block-column-is-layout-flow\">\n<p>\u00a1Hagamos tambi\u00e9n de agricultores! Cuidamos nuestro peque\u00f1o limonero y naranjo y plantamos en nuestro huerto fresas, zanahorias, tomates\u2026 que observamos y cuidamos cada semana.<\/p>\n<\/div>\n<\/div>\n\n\n\n<p class=\"has-text-align-center\">Nuestro patio exterior nos aproxima a la naturaleza. Nos permite jugar con piedras, ramas hojas,<br> oler las flores, sentir el fr\u00edo y el calor, la lluvia\u2026<\/p>\n\n\n\n<h5 class=\"has-text-align-center wp-block-heading\">\u00a1En el exterior sentimos una sensaci\u00f3n de libertad, de vida, de placer! Sentir el sol,<br> el aire, el fr\u00edo y el calor nos hace sentir libres, \u00a1vivos!<\/h5>\n<\/div><\/div>\n\n\n\n<div class=\"inherit-container-width wp-block-group alignfull has-ast-global-color-5-background-color has-background is-layout-constrained wp-block-group-is-layout-constrained\"><div class=\"wp-block-group__inner-container\">\n<div class=\"wp-block-media-text alignwide has-media-on-the-right is-stacked-on-mobile\"><figure class=\"wp-block-media-text__media\"><img loading=\"lazy\" decoding=\"async\" width=\"1024\" height=\"768\" src=\"https:\/\/escolabressolelcau.com\/wp-content\/uploads\/2022\/08\/IOGA.jpg\" alt=\"\" class=\"wp-image-849 size-full\" srcset=\"https:\/\/escolabressolelcau.com\/wp-content\/uploads\/2022\/08\/IOGA.jpg 1024w, https:\/\/escolabressolelcau.com\/wp-content\/uploads\/2022\/08\/IOGA-300x225.jpg 300w, https:\/\/escolabressolelcau.com\/wp-content\/uploads\/2022\/08\/IOGA-768x576.jpg 768w\" sizes=\"auto, (max-width: 1024px) 100vw, 1024px\" \/><\/figure><div class=\"wp-block-media-text__content\">\n<h2 class=\"has-text-align-center has-ast-global-color-2-color has-text-color wp-block-heading\" id=\"ioga\">YOGA<\/h2>\n\n\n\n<hr class=\"wp-block-separator has-text-color has-ast-global-color-0-color has-css-opacity has-ast-global-color-0-background-color has-background aligncenter\"\/>\n\n\n\n<p class=\"has-ast-global-color-3-color has-text-color\">Acercamos la escuela al yoga aportando a los ni\u00f1os\/as relajaci\u00f3n, tranquilidad, atenci\u00f3n y conciencia y gesti\u00f3n de sus propias emociones. El yoga permite conocer su propio cuerpo.<\/p>\n\n\n\n<p><strong>&quot;Detenerse para poder sentir, reflexionar y respirar&quot;<\/strong><\/p>\n<\/div><\/div>\n<\/div><\/div>\n\n\n\n<section class=\"wp-block-group alignfull has-ast-global-color-0-background-color has-background is-layout-constrained wp-container-core-group-is-layout-73c07e67 wp-block-group-is-layout-constrained\">\n<h2 class=\"has-text-align-center has-ast-global-color-4-color has-text-color wp-block-heading\" id=\"equip\">EQUIPO PEDAG\u00d3GICO<\/h2>\n\n\n\n<hr class=\"wp-block-separator has-text-color has-ast-global-color-0-color has-css-opacity has-ast-global-color-0-background-color has-background aligncenter\"\/>\n\n\n\n<h3 class=\"has-text-align-center has-ast-global-color-4-color has-text-color wp-block-heading\">Grupo vivo, activo, so\u00f1ador e inspirador con un \u00fanico prop\u00f3sito\u2026<br>que el ni\u00f1o sea feliz!<\/h3>\n<\/section>\n\n\n\n<div class=\"inherit-container-width wp-block-group alignfull is-layout-constrained wp-block-group-is-layout-constrained\"><div class=\"wp-block-group__inner-container\">\n<h2 class=\"has-text-align-center wp-block-heading\">Trabajo en equipo,<br>La clave<br>Para tocar<br>El cielo!<\/h2>\n<\/div><\/div>","protected":false},"excerpt":{"rendered":"<p>ALIMENTACI\u00d3N Nuestra cocinera, Alba, con una gran vocaci\u00f3n por la cocina, nos proporciona una dieta sana, equilibrada y libre de az\u00facares adaptada a cada ni\u00f1o de la escuela. Es primordial, para nosotros, respetar las rutinas y costumbres alimentarias de todas las familias y hacer de la comida un momento de sensaciones, emociones y aprendizajes en la \u2026<\/p>\n<p class=\"read-more\"> <a class=\"\" href=\"https:\/\/escolabressolelcau.com\/es\/\"> <span class=\"screen-reader-text\">Guarder\u00eda El Cau<\/span> Leer m\u00e1s \u00bb<\/a><\/p>","protected":false},"author":1,"featured_media":0,"parent":0,"menu_order":0,"comment_status":"closed","ping_status":"closed","template":"","meta":{"_uag_custom_page_level_css":"","site-sidebar-layout":"no-sidebar","site-content-layout":"plain-container","ast-global-header-display":"","ast-main-header-display":"","ast-hfb-above-header-display":"","ast-hfb-below-header-display":"","ast-hfb-mobile-header-display":"","site-post-title":"disabled","ast-breadcrumbs-content":"disabled","ast-featured-img":"disabled","footer-sml-layout":"","theme-transparent-header-meta":"enabled","adv-header-id-meta":"","stick-header-meta":"","header-above-stick-meta":"","header-main-stick-meta":"","header-below-stick-meta":"","footnotes":""},"class_list":["post-572","page","type-page","status-publish","hentry"],"uagb_featured_image_src":{"full":false,"thumbnail":false,"medium":false,"medium_large":false,"large":false,"1536x1536":false,"2048x2048":false,"trp-custom-language-flag":false},"uagb_author_info":{"display_name":"admin","author_link":"https:\/\/escolabressolelcau.com\/es\/author\/antmotion\/"},"uagb_comment_info":0,"uagb_excerpt":"ALIMENTACI\u00d3 La nostra cuinera, l&#8217;Alba, amb una gran vocaci\u00f3 per la cuina, ens proporciona una dieta sana, equilibrada i lliure de sucres adaptada a cada nen-a de l&#8217;escola. \u00c9s primordial, per nosaltres, respectar les rutines i costums alimentaris de totes les fam\u00edlies i fer del dinar un moment de sensacions, emocions i aprenentatges A la&hellip;","_links":{"self":[{"href":"https:\/\/escolabressolelcau.com\/es\/wp-json\/wp\/v2\/pages\/572","targetHints":{"allow":["GET"]}}],"collection":[{"href":"https:\/\/escolabressolelcau.com\/es\/wp-json\/wp\/v2\/pages"}],"about":[{"href":"https:\/\/escolabressolelcau.com\/es\/wp-json\/wp\/v2\/types\/page"}],"author":[{"embeddable":true,"href":"https:\/\/escolabressolelcau.com\/es\/wp-json\/wp\/v2\/users\/1"}],"replies":[{"embeddable":true,"href":"https:\/\/escolabressolelcau.com\/es\/wp-json\/wp\/v2\/comments?post=572"}],"version-history":[{"count":108,"href":"https:\/\/escolabressolelcau.com\/es\/wp-json\/wp\/v2\/pages\/572\/revisions"}],"predecessor-version":[{"id":984,"href":"https:\/\/escolabressolelcau.com\/es\/wp-json\/wp\/v2\/pages\/572\/revisions\/984"}],"wp:attachment":[{"href":"https:\/\/escolabressolelcau.com\/es\/wp-json\/wp\/v2\/media?parent=572"}],"curies":[{"name":"wp","href":"https:\/\/api.w.org\/{rel}","templated":true}]}}