{"id":864,"date":"2022-08-01T11:12:55","date_gmt":"2022-08-01T11:12:55","guid":{"rendered":"https:\/\/escolabressolelcau.com\/?page_id=864"},"modified":"2025-06-10T15:50:35","modified_gmt":"2025-06-10T15:50:35","slug":"aviso-legal","status":"publish","type":"page","link":"https:\/\/escolabressolelcau.com\/es\/aviso-legal\/","title":{"rendered":"Aviso Legal"},"content":{"rendered":"<p>El presente es un aviso legal de obligada visualizaci\u00f3n que regula las condiciones de uso que deben ser observadas y acatadas por los usuarios del sitio de <strong>Guarder\u00eda El Cau<\/strong>, en adelante <strong>ESTE SITIO WEB<\/strong><\/p>\n\n\n\n<h3 class=\"wp-block-heading\">1.&nbsp;<strong>Datos Identificativos<\/strong><\/h3>\n\n\n\n<p>En cumplimiento con el deber de informaci\u00f3n recogido en art\u00edculo 10 de la Ley 34\/2002, de 11 de julio, de Servicios de la Sociedad de la Informaci\u00f3n y del Comercio Electr\u00f3nico, a continuaci\u00f3n, se reflejan las siguientes datos:<\/p>\n\n\n\n<ul class=\"wp-block-list\">\n<li><strong>Guarder\u00eda La madriguera<\/strong><\/li>\n\n\n\n<li><strong>c\/ Vilardell 22 bajos. Barcelona<\/strong><\/li>\n\n\n\n<li><strong>Tel.\u00a0<a href=\"tel: 3493934325875\"> <\/a>93 353 7791<\/strong><\/li>\n\n\n\n<li><strong><a href=\"mailto:elcau@escolabressolelcau.com\">elcau@escolabressolelcau.com<\/a><\/strong><\/li>\n<\/ul>\n\n\n\n<h3 class=\"wp-block-heading\">2.&nbsp;<strong>Usuarios<\/strong><\/h3>\n\n\n\n<p>El acceso y\/o uso de este portal de <strong>ESTE SITIO WEB<\/strong> le atribuye la condici\u00f3n de&nbsp;<strong>Usuario<\/strong>. Todo pedido hecho en la&nbsp;<strong>ESTE SITIO WEB<\/strong>&nbsp;implica necesariamente a t\u00edtulo de condici\u00f3n esencial, determinante e imprescindible, la aceptaci\u00f3n sin reservas por el Usuario de las Condiciones Generales de Venta de productos vigentes el d\u00eda en que se levante a cabo el pedido correspondiente. Adem\u00e1s, el Usuario reconoce que la aceptaci\u00f3n de las presentes condiciones implicar\u00e1 la aplicaci\u00f3n de \u00e9stas al pedido al que se refieren, as\u00ed como a todo pedido posterior, con excepci\u00f3n de aquellos casos en que nuevas condiciones sean puestas en su conocimiento por <strong>ESTE SITIO WEB<\/strong>.<\/p>\n\n\n\n<p>Las citadas Condiciones ser\u00e1n de aplicaci\u00f3n independientemente de las Condiciones Generales de Contrataci\u00f3n que en su caso resulten de obligado cumplimiento.<\/p>\n\n\n\n<h3 class=\"wp-block-heading\">3.&nbsp;<strong>Condiciones de acceso y uso<\/strong><\/h3>\n\n\n\n<p>El usuario se compromete a hacer un uso diligente del sitio web y de los servicios accesibles desde el mismo ya no utilizar los servicios o informaciones contenidos en el sitio web para desarrollar actividades contrarias a las leyes, a la moral ya las buenas costumbres, al orden p\u00fablico y, en general, a hacer un uso conforme al presente aviso legal.&nbsp;<\/p>\n\n\n\n<p>Quedan por tanto prohibidos todos los actos que vulneran la legalidad, derechos o intereses de terceros: derecho a la intimidad, protecci\u00f3n de datos, propiedad intelectual\u2026 Expresamente y sin car\u00e1cter taxativo&nbsp;<strong>ESTE SITIO WEB<\/strong>&nbsp;proh\u00edbe realizar acciones que puedan producirse en el sitio web oa trav\u00e9s del mismo da\u00f1o a&nbsp;<strong>ESTE SITIO WEB<\/strong>.<\/p>\n\n\n\n<p>Asimismo queda expresamente prohibida la utilizaci\u00f3n de programas dise\u00f1ados a fin de causar problemas o ataques en la red. Tambi\u00e9n queda expresamente prohibido intentar poner a prueba la seguridad de los servidores realizando cualquier tipo de entrada o acci\u00f3n que no resulte estrictamente necesaria para el disfrute por parte del usuario.<\/p>\n\n\n\n<p><strong>ESTE SITIO WEB<\/strong>&nbsp;podr\u00e1 interrumpir en cualquier momento el acceso a su sitio web si detecta un uso contrario a la legalidad, buena fe oa las presentes condiciones generales.<\/p>\n\n\n\n<h3 class=\"wp-block-heading\">4.&nbsp;<strong>Derechos de Propiedad Intelectual<\/strong><\/h3>\n\n\n\n<p><strong>ESTE SITIO WEB<\/strong> titular o licenciataria, en su caso, de los derechos de Propiedad Intelectual e Industrial de la totalidad de los contenidos de este sitio web, incluyendo descripci\u00f3n de productos, texto, im\u00e1genes, fotograf\u00edas, marcas, logotipos, botones, archivos de software, combinaciones de colores, as\u00ed como la estructura, selecci\u00f3n, ordenaci\u00f3n y presentaci\u00f3n de sus contenidos, que se encuentran protegidos por las leyes espa\u00f1olas e internacionales sobre propiedad intelectual e industrial.&nbsp;<\/p>\n\n\n\n<h3 class=\"wp-block-heading\">5.&nbsp;<strong>Exclusi\u00f3n de garant\u00edas y responsabilidad<\/strong><\/h3>\n\n\n\n<p><strong>ESTE SITIO WEB<\/strong> no se hace responsable, en ning\u00fan caso, de los da\u00f1os y perjuicios de cualquier naturaleza que pudieran ocasionar, a t\u00edtulo enunciativo: errores u omisiones en los contenidos, falta de disponibilidad del portal o la transmisi\u00f3n de virus o programas maliciosos o lesivos en los contenidos , a pesar de haber adoptado todas las medidas tecnol\u00f3gicas necesarias para evitarlo.<\/p>\n\n\n\n<h3 class=\"wp-block-heading\">6.&nbsp;<strong>Modificaciones<\/strong><\/h3>\n\n\n\n<p><strong>ESTE SITIO WEB<\/strong> se reserva el derecho de efectuar sin previo aviso las modificaciones que considere oportunas en su portal, pudiendo cambiar, suprimir o a\u00f1adir tanto los contenidos y servicios que se presten a trav\u00e9s de la misma como la forma en que \u00e9stos aparezcan presentados o localizados en su portal.<\/p>\n\n\n\n<h3 class=\"wp-block-heading\">7.&nbsp;<strong>Derecho de exclusi\u00f3n<\/strong><\/h3>\n\n\n\n<p><strong>ESTE SITIO WEB<\/strong> se reserva el derecho a denegar o retirar el acceso a portal y\/o servicios ofrecidos sin necesidad de preaviso, a instancia propia o de un tercero, a aquellos Usuarios que incumplan las presentes Condiciones Generales de Uso.<\/p>\n\n\n\n<h3 class=\"wp-block-heading\">8.&nbsp;<strong>Generalidades<\/strong><\/h3>\n\n\n\n<p><strong>ESTE SITIO WEB<\/strong> perseguir\u00e1 el incumplimiento de las presentes condiciones, as\u00ed como cualquier utilizaci\u00f3n indebida del portal ejerciendo todas las acciones civiles y penales que le puedan corresponder en derecho.<\/p>\n\n\n\n<h3 class=\"wp-block-heading\">9.&nbsp;<strong>Legislaci\u00f3n aplicable y Jurisdicci\u00f3n.<\/strong><\/h3>\n\n\n\n<p>Ley aplicable y jurisdicci\u00f3n competente. La interpretaci\u00f3n y ejecuci\u00f3n de las condiciones, as\u00ed como todos los actos que sean consecuencia de ellas, quedaran sometidos al derecho espa\u00f1ol, salvo que existan disposiciones de orden p\u00fablico contrarias a ello. El hecho de que <strong>ESTE SITIO WEB<\/strong> no recurra en un momento dado a cualquiera de las presentes condiciones no puede ser interpretado ni equivaldr\u00e1 a renunciar a recurrir a ellas en el futuro o en el pasado.<\/p>\n\n\n\n<h2 class=\"wp-block-heading\"><strong><u>CONDICIONES GENERALES<\/u><\/strong><\/h2>\n\n\n\n<h3 class=\"wp-block-heading\">1.&nbsp;<strong>Generalidades<\/strong><\/h3>\n\n\n\n<p>Se entender\u00e1 que el usuario acepta estas condiciones al complementar y aceptar cualquiera de los formularios comprendidos en esta web.<\/p>\n\n\n\n<p>El usuario es el \u00fanico responsable de la veracidad y correcci\u00f3n de las datos incluidas, exoner\u00e1ndose a <strong>ESTE SITIO WEB<\/strong> de cualquier responsabilidad al respecto.<\/p>\n\n\n\n<p>Los usuarios garantizan y responden, en cualquier caso, de la exactitud, vigencia y autenticidad de las datos personales facilitados, y se comprometen a mantenerlos debidamente actualizados. El usuario acepta proporcionar informaci\u00f3n completa y correcta en el formulario de registro y\/o suscripci\u00f3n.<\/p>\n\n\n\n<p><strong>ESTE SITIO WEB<\/strong> no tendr\u00e1 responsabilidad ninguna de la veracidad de las informaciones que no sean de elaboraci\u00f3n propia y de las que se indique otra fuente, por lo que tampoco asume responsabilidad alguna en cuanto a hipot\u00e9ticos perjudicios que pudieran originarse por el uso de dicha informaci\u00f3n.<\/p>\n\n\n\n<p><strong>ESTE SITIO WEB<\/strong>&nbsp;se reserva el derecho de actualizar, modificar o eliminar la informaci\u00f3n contenida en sus p\u00e1ginas web pudiendo incluso limitar o no permitir el acceso a dicha informaci\u00f3n. Se exonera a <strong>ESTE SITIO WEB<\/strong> de responsabilidad ante cualquier da\u00f1o o perjuicio que pudiera sufrir el usuario como consecuencia de errores, defectos y omisiones en la informaci\u00f3n facilitada por el <strong>ESTE SITIO WEB<\/strong>, siempre que proceda de fuentes ajenas a <strong>ESTE SITIO WEB<\/strong>.<\/p>\n\n\n\n<p>Mediante la aceptaci\u00f3n del presente contrato, usted declara:<\/p>\n\n\n\n<p>1\u00ba- que es mayor de edad y que tiene capacidad para contratar<\/p>\n\n\n\n<p>2\u00ba- ha le\u00eddo y acepta las presentes Condiciones Generales.<\/p>","protected":false},"excerpt":{"rendered":"<p>El presente es un aviso legal de obligada visualizaci\u00f3n que regula las condiciones de uso que deben ser observadas y acatadas por los usuarios del sitio de Guarder\u00eda El Cau, en adelante ESTE SITIO WEB 1. Datos Identificativos En cumplimiento con el deber de informaci\u00f3n recogida en art\u00edculo 10 de la Ley 34\/2002, de 11 \u2026<\/p>\n<p class=\"read-more\"> <a class=\"\" href=\"https:\/\/escolabressolelcau.com\/es\/aviso-legal\/\"> <span class=\"screen-reader-text\">Aviso Legal<\/span> Leer m\u00e1s \u00bb<\/a><\/p>","protected":false},"author":1,"featured_media":0,"parent":0,"menu_order":0,"comment_status":"closed","ping_status":"closed","template":"","meta":{"_uag_custom_page_level_css":"","site-sidebar-layout":"default","site-content-layout":"default","ast-global-header-display":"","ast-main-header-display":"","ast-hfb-above-header-display":"","ast-hfb-below-header-display":"","ast-hfb-mobile-header-display":"","site-post-title":"","ast-breadcrumbs-content":"","ast-featured-img":"","footer-sml-layout":"","theme-transparent-header-meta":"","adv-header-id-meta":"","stick-header-meta":"","header-above-stick-meta":"","header-main-stick-meta":"","header-below-stick-meta":"","footnotes":""},"class_list":["post-864","page","type-page","status-publish","hentry"],"uagb_featured_image_src":{"full":false,"thumbnail":false,"medium":false,"medium_large":false,"large":false,"1536x1536":false,"2048x2048":false,"trp-custom-language-flag":false},"uagb_author_info":{"display_name":"admin","author_link":"https:\/\/escolabressolelcau.com\/es\/author\/antmotion\/"},"uagb_comment_info":0,"uagb_excerpt":"El presente es un aviso legal de obligada visualizaci\u00f3n que regula las condiciones de uso que deben ser observadas y acatadas por los usuarios del sitio de Escola Bressol El Cau, en adelante ESTE SITIO WEB 1.&nbsp;Datos Identificativos En cumplimiento con el deber de informaci\u00f3n recogido en art\u00edculo 10 de la Ley 34\/2002, de 11&hellip;","_links":{"self":[{"href":"https:\/\/escolabressolelcau.com\/es\/wp-json\/wp\/v2\/pages\/864","targetHints":{"allow":["GET"]}}],"collection":[{"href":"https:\/\/escolabressolelcau.com\/es\/wp-json\/wp\/v2\/pages"}],"about":[{"href":"https:\/\/escolabressolelcau.com\/es\/wp-json\/wp\/v2\/types\/page"}],"author":[{"embeddable":true,"href":"https:\/\/escolabressolelcau.com\/es\/wp-json\/wp\/v2\/users\/1"}],"replies":[{"embeddable":true,"href":"https:\/\/escolabressolelcau.com\/es\/wp-json\/wp\/v2\/comments?post=864"}],"version-history":[{"count":4,"href":"https:\/\/escolabressolelcau.com\/es\/wp-json\/wp\/v2\/pages\/864\/revisions"}],"predecessor-version":[{"id":997,"href":"https:\/\/escolabressolelcau.com\/es\/wp-json\/wp\/v2\/pages\/864\/revisions\/997"}],"wp:attachment":[{"href":"https:\/\/escolabressolelcau.com\/es\/wp-json\/wp\/v2\/media?parent=864"}],"curies":[{"name":"wp","href":"https:\/\/api.w.org\/{rel}","templated":true}]}}