{"id":865,"date":"2022-08-01T11:08:49","date_gmt":"2022-08-01T11:08:49","guid":{"rendered":"https:\/\/escolabressolelcau.com\/?page_id=865"},"modified":"2025-05-11T07:29:32","modified_gmt":"2025-05-11T07:29:32","slug":"declaracion-de-privacidad","status":"publish","type":"page","link":"https:\/\/escolabressolelcau.com\/es\/declaracion-de-privacidad\/","title":{"rendered":"Declaraci\u00f3n de privacidad"},"content":{"rendered":"<p>En esta declaraci\u00f3n de privacidad, explicamos lo que hacemos con las datos que obtenemos sobre usted a trav\u00e9s de&nbsp;<strong>Guarder\u00eda El Cau<\/strong>. Le recomendamos que lea atentamente esta declaraci\u00f3n. En nuestro procesamiento cumplimos con los requisitos de la legislaci\u00f3n de privacidad. Lo que significa, entre otras cosas, que:<\/p>\n\n\n\n<ul class=\"wp-block-list\">\n<li>indicamos claramente los fines para los que procesamos las datos personales. Hagamos esto por medio de esta declaraci\u00f3n de privacidad.<\/li>\n\n\n\n<li>nuestro objetivo es limitar nuestra recopilaci\u00f3n de datos personales a las datos personales necesarios para fines leg\u00edtimos.<\/li>\n\n\n\n<li>en primer lugar, solicitamos su consentimiento expl\u00edcito para el tratamiento de sus datos personales en los casos en que sea necesario.<\/li>\n\n\n\n<li>tomamos las medidas de seguridad adecuadas para proteger sus datos personales y tambi\u00e9n se lo exigimos a las partes que procesan datos personales en nuestro n\u00famero;<\/li>\n\n\n\n<li>respetamos su derecho a acceder, rectificar o cancelar sus datos personales previa solicitud.<\/li>\n<\/ul>\n\n\n\n<p>Si tiene alguna pregunta o desea saber exactamente qu\u00e9 datos sobre usted guardamos, p\u00f3ngase en contacto con nosotros.<\/p>\n\n\n\n<h2 class=\"wp-block-heading\">1. Prop\u00f3sito, datos y per\u00edodo de retenci\u00f3n<\/h2>\n\n\n\n<p>Podemos recopilar o recibir informaci\u00f3n personal para un n\u00famero de prop\u00f3sitos relacionados con nuestras operaciones comerciales, que pueden incluir lo siguiente:<\/p>\n\n\n\n<h3 class=\"wp-block-heading\">1.1 Contacto \u2013 Por tel\u00e9fono, correo, correo electr\u00f3nico y\/o formularios en el sitio<a rel=\"noreferrer noopener nofollow\" href=\"https:\/\/cookiedatabase.org\/legal-bases\/#consent\" target=\"_blank\"><\/a><\/h3>\n\n\n\n<h2 class=\"wp-block-heading\">2. Compartir con otras partes<\/h2>\n\n\n\n<p>No compartimos datos con otras partes<\/p>\n\n\n\n<h2 class=\"wp-block-heading\">3. Cookies<\/h2>\n\n\n\n<p>Nuestro sitio web utiliza cookies. Para m\u00e1s informaci\u00f3n acerca de las cookies, por favor refi\u00e9rase a nuestra Declaraci\u00f3n de\u00a0Pol\u00edtica de Cookies.\u00a0\u00a0La inclusi\u00f3n de direcciones IP completas es bloqueada por nosotros.\u00a0<\/p>\n\n\n\n<h2 class=\"wp-block-heading\">4. Seguridad<\/h2>\n\n\n\n<p>Estamos comprometidos con la seguridad de las datos personales. Tomamos las medidas de seguridad adecuadas para limitar el abuso y acceso no autorizado a las datos personales. Esto asegura que s\u00f3lo las personas necesarias tengan acceso a sus datos, que el acceso a las datos est\u00e9 protegido y que nuestras medidas de seguridad sean revisadas regularmente.&nbsp;<\/p>\n\n\n\n<h2 class=\"wp-block-heading\">5. Sitios web de terceros<\/h2>\n\n\n\n<p>Esta declaraci\u00f3n de privacidad no se aplica a los sitios web de terceros conectados mediante enlaces a nuestro sitio web. No podemos garantizar que estas terceras partes manejen sus datos personales de forma fiable o segura. Le recomendamos que lea las declaraciones de privacidad de estos sitios web antes de utilizarlos.&nbsp;<\/p>\n\n\n\n<h2 class=\"wp-block-heading\">6. Privacidad y referencia a la declaraci\u00f3n de privacidad<\/h2>\n\n\n\n<p>Nos reservamos el derecho de hacer enmiendas a esta declaraci\u00f3n de privacidad. Se recomienda que consulte esta declaraci\u00f3n de privacidad regularmente para estar al tanto de cualquier cambio. Adem\u00e1s, le informaremos activamente siempre que sea posible.&nbsp;<\/p>\n\n\n\n<h2 class=\"wp-block-heading\">7. Acceso y modificaci\u00f3n de sus datos<\/h2>\n\n\n\n<p>Si tiene alguna pregunta o desea saber qu\u00e9 datos personales tenemos sobre usted, p\u00f3ngase en contacto con nosotros. Puede ponerse en contacto con nosotros utilizando la siguiente informaci\u00f3n. Usted tiene los siguientes derechos:<\/p>\n\n\n\n<ul class=\"wp-block-list\">\n<li>Usted tiene derecho a saber por qu\u00e9 se necesitan sus datos personales, qu\u00e9 suceder\u00e1 con ellos y durante cu\u00e1nto tiempo se conservar\u00e1n.<\/li>\n\n\n\n<li>Derecho de acceso: Tiene derecho a acceder a las datos personales que conocemos sobre usted.<\/li>\n\n\n\n<li>Derecho de rectificaci\u00f3n: tiene derecho a completar, rectificar, borrar o bloquear sus datos personales cuando lo desee.<\/li>\n\n\n\n<li>Si usted nos da su consentimiento para procesar sus datos, tiene derecho a revocar dicho consentimiento ya que se eliminen sus datos personales.<\/li>\n\n\n\n<li>Derecho de cesi\u00f3n de sus datos: tiene derecho a solicitar todas sus datos personales al controlador ya transferirlos \u00edntegramente a otro controlador.<\/li>\n\n\n\n<li>Derecho de oposici\u00f3n: usted puede oponerse al tratamiento de sus datos. Nosotros cumplimos con esto, a menos que existan motivos justificados para el procesamiento.<\/li>\n<\/ul>\n\n\n\n<p>Por favor, aseg\u00farese de indicar siempre claramente qui\u00e9n es usted, para que podamos estar seguros de que no modificamos o eliminamos ninguna fecha de la persona equivocada.<\/p>\n\n\n\n<h2 class=\"wp-block-heading\">8. Enviando una queja<\/h2>\n\n\n\n<p>Si no est\u00e1 satisfecho con la forma en que tratamos o procesamos sus datos personales, tiene derecho a presentar una queja a la Autoridad de Protecci\u00f3n de Datos.&nbsp;<\/p>\n\n\n\n<h2 class=\"wp-block-heading\">9. Detalles de contacto<\/h2>\n\n\n\n<ul class=\"wp-block-list\">\n<li><strong>Escola\u00a0Bressol El cau<\/strong><\/li>\n\n\n\n<li><strong>c\/ Vilardell 22 bajos. Barcelona<\/strong><\/li>\n\n\n\n<li><strong>Tel.\u00a0<a href=\"tel: 3493934325875\">93 934 32 58 75<\/a><\/strong><\/li>\n\n\n\n<li><strong><a href=\"mailto:elcau@escolabressolelcau.com\">elcau@escolabressolelcau.com<\/a><\/strong><\/li>\n<\/ul>","protected":false},"excerpt":{"rendered":"<p>En esta declaraci\u00f3n de privacidad, explicamos lo que hacemos con los datos que obtenemos sobre usted a trav\u00e9s de&nbsp;Escola Bressol El Cau. Le recomendamos que lea atentamente esta declaraci\u00f3n. En nuestro procesamiento cumplimos con los requisitos de la legislaci\u00f3n de privacidad. Lo que significa, entre otras cosas, que: Si tiene alguna pregunta o desea saber &hellip;<\/p>\n<p class=\"read-more\"> <a class=\"\" href=\"https:\/\/escolabressolelcau.com\/es\/declaracion-de-privacidad\/\"> <span class=\"screen-reader-text\">Declaraci\u00f3n de privacidad<\/span> Leer m\u00e1s \u00bb<\/a><\/p>","protected":false},"author":1,"featured_media":0,"parent":0,"menu_order":0,"comment_status":"closed","ping_status":"closed","template":"","meta":{"_uag_custom_page_level_css":"","site-sidebar-layout":"default","site-content-layout":"default","ast-global-header-display":"","ast-main-header-display":"","ast-hfb-above-header-display":"","ast-hfb-below-header-display":"","ast-hfb-mobile-header-display":"","site-post-title":"","ast-breadcrumbs-content":"","ast-featured-img":"","footer-sml-layout":"","theme-transparent-header-meta":"","adv-header-id-meta":"","stick-header-meta":"","header-above-stick-meta":"","header-main-stick-meta":"","header-below-stick-meta":"","footnotes":""},"class_list":["post-865","page","type-page","status-publish","hentry"],"uagb_featured_image_src":{"full":false,"thumbnail":false,"medium":false,"medium_large":false,"large":false,"1536x1536":false,"2048x2048":false,"trp-custom-language-flag":false},"uagb_author_info":{"display_name":"admin","author_link":"https:\/\/escolabressolelcau.com\/es\/author\/antmotion\/"},"uagb_comment_info":0,"uagb_excerpt":"En esta declaraci\u00f3n de privacidad, explicamos lo que hacemos con los datos que obtenemos sobre usted a trav\u00e9s de&nbsp;Escola Bressol El Cau. Le recomendamos que lea atentamente esta declaraci\u00f3n. En nuestro procesamiento cumplimos con los requisitos de la legislaci\u00f3n de privacidad. Lo que significa, entre otras cosas, que: Si tiene alguna pregunta o desea saber&hellip;","_links":{"self":[{"href":"https:\/\/escolabressolelcau.com\/es\/wp-json\/wp\/v2\/pages\/865","targetHints":{"allow":["GET"]}}],"collection":[{"href":"https:\/\/escolabressolelcau.com\/es\/wp-json\/wp\/v2\/pages"}],"about":[{"href":"https:\/\/escolabressolelcau.com\/es\/wp-json\/wp\/v2\/types\/page"}],"author":[{"embeddable":true,"href":"https:\/\/escolabressolelcau.com\/es\/wp-json\/wp\/v2\/users\/1"}],"replies":[{"embeddable":true,"href":"https:\/\/escolabressolelcau.com\/es\/wp-json\/wp\/v2\/comments?post=865"}],"version-history":[{"count":4,"href":"https:\/\/escolabressolelcau.com\/es\/wp-json\/wp\/v2\/pages\/865\/revisions"}],"predecessor-version":[{"id":992,"href":"https:\/\/escolabressolelcau.com\/es\/wp-json\/wp\/v2\/pages\/865\/revisions\/992"}],"wp:attachment":[{"href":"https:\/\/escolabressolelcau.com\/es\/wp-json\/wp\/v2\/media?parent=865"}],"curies":[{"name":"wp","href":"https:\/\/api.w.org\/{rel}","templated":true}]}}