{"id":572,"date":"2021-06-18T06:33:33","date_gmt":"2021-06-18T06:33:33","guid":{"rendered":"https:\/\/escolabressolelcau.com\/home\/"},"modified":"2022-10-04T18:30:28","modified_gmt":"2022-10-04T18:30:28","slug":"home","status":"publish","type":"page","link":"https:\/\/escolabressolelcau.com\/fr\/","title":{"rendered":"\u00c9cole maternelle El Cau"},"content":{"rendered":"<div style=\"height:90px\" aria-hidden=\"true\" class=\"wp-block-spacer\"><\/div>\n\n\n\n<div class=\"wp-block-cover alignfull\" style=\"padding-top:33px;padding-right:33px;padding-bottom:33px;padding-left:33px;min-height:559px;aspect-ratio:unset;\"><span aria-hidden=\"true\" class=\"wp-block-cover__background has-ast-global-color-7-background-color has-background-dim-70 has-background-dim\"><\/span><img loading=\"lazy\" decoding=\"async\" width=\"2560\" height=\"1920\" class=\"wp-block-cover__image-background wp-image-931\" alt=\"\" src=\"https:\/\/escolabressolelcau.com\/wp-content\/uploads\/2022\/09\/escola-bressol-el-cau-foto-scaled.jpg\" data-object-fit=\"cover\" srcset=\"https:\/\/escolabressolelcau.com\/wp-content\/uploads\/2022\/09\/escola-bressol-el-cau-foto-scaled.jpg 2560w, https:\/\/escolabressolelcau.com\/wp-content\/uploads\/2022\/09\/escola-bressol-el-cau-foto-300x225.jpg 300w, https:\/\/escolabressolelcau.com\/wp-content\/uploads\/2022\/09\/escola-bressol-el-cau-foto-1024x768.jpg 1024w, https:\/\/escolabressolelcau.com\/wp-content\/uploads\/2022\/09\/escola-bressol-el-cau-foto-768x576.jpg 768w, https:\/\/escolabressolelcau.com\/wp-content\/uploads\/2022\/09\/escola-bressol-el-cau-foto-1536x1152.jpg 1536w, https:\/\/escolabressolelcau.com\/wp-content\/uploads\/2022\/09\/escola-bressol-el-cau-foto-2048x1536.jpg 2048w\" sizes=\"auto, (max-width: 2560px) 100vw, 2560px\" \/><div class=\"wp-block-cover__inner-container is-layout-flow wp-block-cover-is-layout-flow\">\n<h1 class=\"has-text-align-center has-ast-global-color-2-color has-text-color wp-block-heading\" id=\"inici\">ECOLE MATERNELLE EL CAU<\/h1>\n\n\n\n<div class=\"wp-block-columns alignwide are-vertically-aligned-center is-layout-flex wp-container-core-columns-is-layout-28f84493 wp-block-columns-is-layout-flex\">\n<div class=\"wp-block-column is-vertically-aligned-center is-layout-flow wp-block-column-is-layout-flow\"><\/div>\n\n\n\n<div class=\"wp-block-column is-vertically-aligned-center is-layout-flow wp-block-column-is-layout-flow\">\n<hr class=\"wp-block-separator has-text-color has-ast-global-color-0-color has-css-opacity has-ast-global-color-0-background-color has-background is-style-wide\"\/>\n\n\n\n<h5 class=\"has-text-align-right has-ast-global-color-2-color has-text-color wp-block-heading\">Il est primordial que dans notre \u00e9cole l&#039;enfant soit heureux entre c\u00e2lins, caresses, bisous et rires.<\/h5>\n\n\n\n<p><\/p>\n\n\n\n<p class=\"has-text-align-right has-ast-global-color-3-color has-text-color\"><strong>Chaque enfant et chaque famille est unique. Nous nous adaptons \u00e0 leurs routines et habitudes. En suivant les m\u00eames coutumes tout est plus facile !<br><\/strong><\/p>\n<\/div>\n<\/div>\n\n\n\n<div class=\"wp-block-soliloquy-soliloquywp\"><div class=\"soliloquy-outer-container soliloquy-carousel\" data-soliloquy-loaded=\"0\"><div aria-live=\"polite\" id=\"soliloquy-container-950\" class=\"soliloquy-container soliloquy-transition-horizontal soliloquy-slide-horizontal soliloquy-controls-active soliloquy-arrows-active  soliloquy-theme-base no-js\" style=\"max-width:960px;margin:0 auto 20px;max-width:100%;max-height:none;\"><ul id=\"soliloquy-950\" class=\"soliloquy-slider soliloquy-slides soliloquy-wrap soliloquy-clear\"><li aria-hidden=\"true\" class=\"soliloquy-item soliloquy-item-1 soliloquy-id-950-fraseshome soliloquy-html-slide\" draggable=\"false\" style=\"list-style:none;\"><div class=\"soliloquy-html-sentinel soliloquy-clear\" style=\"position:static;display:block;visibility:hidden;z-index:-10000;top:0;left:0;width:100%;height:300px;\"><div class=\"soliloquy-html-content soliloquy-clear\"><p style=\"color:#000;font-size:21px\"><strong>Nous sommes tous une famille.<\/strong><\/p><\/div><\/div><\/li><li aria-hidden=\"true\" class=\"soliloquy-item soliloquy-item-2 soliloquy-id-950-fraseshome2 soliloquy-html-slide\" draggable=\"false\" style=\"list-style:none;\"><div class=\"soliloquy-html-sentinel soliloquy-clear\" style=\"position:static;display:block;visibility:hidden;z-index:-10000;top:0;left:0;width:100%;height:300px;\"><div class=\"soliloquy-html-content soliloquy-clear\"><p style=\"color:#000;font-size:21px\"><strong>Les petits groupes nous aident \u00e0 mieux nous conna\u00eetre. Le travail individuel est fondamental dans notre \u00e9cole.<\/strong><\/p><\/div><\/div><\/li><li aria-hidden=\"true\" class=\"soliloquy-item soliloquy-item-3 soliloquy-id-950-fraseshome3 soliloquy-html-slide\" draggable=\"false\" style=\"list-style:none;\"><div class=\"soliloquy-html-sentinel soliloquy-clear\" style=\"position:static;display:block;visibility:hidden;z-index:-10000;top:0;left:0;width:100%;height:300px;\"><div class=\"soliloquy-html-content soliloquy-clear\"><p style=\"color:#000;font-size:21px\"><strong>Nous offrons un espace ouvert et gratuit, calme, stimulant et accueillant pour donner aux enfants la possibilit\u00e9 de grandir et d&#039;apprendre par le jeu.<\/strong><\/p><\/div><\/div><\/li><\/ul><\/div><noscript><div class=\"soliloquy-no-js\" style=\"display:none;visibility:hidden;height:0;line-height:0;opacity:0;\"><\/div><\/noscript><\/div><\/div>\n<\/div><\/div>\n\n\n\n<div style=\"height:55px\" aria-hidden=\"true\" class=\"wp-block-spacer\"><\/div>\n\n\n\n<figure class=\"wp-block-embed is-type-video is-provider-youtube wp-block-embed-youtube wp-embed-aspect-16-9 wp-has-aspect-ratio\"><div class=\"wp-block-embed__wrapper\">\n<div class=\"ast-oembed-container\" style=\"height: 100%;\"><iframe loading=\"lazy\" title=\"PR\u00c9SENTATION VID\u00c9O CAU\" width=\"500\" height=\"281\" src=\"https:\/\/www.youtube.com\/embed\/V_43D0uRGAI?feature=oembed\" frameborder=\"0\" allow=\"accelerometer; autoplay; clipboard-write; encrypted-media; gyroscope; picture-in-picture; web-share\" referrerpolicy=\"strict-origin-when-cross-origin\" allowfullscreen><\/iframe><\/div>\n<\/div><\/figure>\n\n\n\n<div style=\"height:55px\" aria-hidden=\"true\" class=\"wp-block-spacer\"><\/div>\n\n\n\n<div class=\"inherit-container-width wp-block-group alignfull has-ast-global-color-5-background-color has-background is-layout-constrained wp-block-group-is-layout-constrained\"><div class=\"wp-block-group__inner-container\">\n<h2 class=\"has-text-align-center wp-block-heading\" id=\"alimentacio\">ALIMENTS<\/h2>\n\n\n\n<hr class=\"wp-block-separator has-text-color has-ast-global-color-0-color has-css-opacity has-ast-global-color-0-background-color has-background aligncenter\"\/>\n\n\n\n<p class=\"has-text-align-center\">Notre cuisini\u00e8re, Alba, passionn\u00e9e de cuisine, nous propose une alimentation saine, \u00e9quilibr\u00e9e et sans sucre adapt\u00e9e \u00e0 chaque enfant scolaris\u00e9.<\/p>\n\n\n\n<p class=\"has-text-align-center\"><strong>Il est essentiel, pour nous, de respecter les habitudes et coutumes alimentaires de toutes les familles et de faire du d\u00e9jeuner un moment de sensations, d&#039;\u00e9motions et d&#039;apprentissage<\/strong><\/p>\n<\/div><\/div>\n\n\n\n<div class=\"wp-block-cover alignfull is-light has-parallax\" style=\"background-image:url(https:\/\/escolabressolelcau.com\/wp-content\/uploads\/2022\/07\/cama-montesori.jpg);min-height:600px;aspect-ratio:unset;\"><span aria-hidden=\"true\" class=\"wp-block-cover__background has-ast-global-color-5-background-color has-background-dim-0 has-background-dim\"><\/span><div class=\"wp-block-cover__inner-container is-layout-flow wp-block-cover-is-layout-flow\">\n<div class=\"wp-block-media-text has-media-on-the-right is-stacked-on-mobile is-vertically-aligned-center\"><figure class=\"wp-block-media-text__media\"><\/figure><div class=\"wp-block-media-text__content\">\n<div class=\"inherit-container-width wp-block-group has-ast-global-color-5-background-color has-background is-layout-constrained wp-container-core-group-is-layout-071e8d20 wp-block-group-is-layout-constrained\" style=\"padding-top:33px;padding-right:33px;padding-bottom:33px;padding-left:33px\"><div class=\"wp-block-group__inner-container\">\n<h2 class=\"has-text-align-center has-ast-global-color-2-color has-text-color wp-block-heading\" id=\"descans\">LE REPOS<\/h2>\n\n\n\n<hr class=\"wp-block-separator has-text-color has-ast-global-color-0-color has-css-opacity has-ast-global-color-0-background-color has-background aligncenter\"\/>\n\n\n\n<p class=\"has-ast-global-color-2-color has-text-color\">Le repos est essentiel, surtout pendant l&#039;enfance. Un enfant repos\u00e9 est un enfant heureux, connect\u00e9 \u00e0 son environnement et ouvert \u00e0 apprendre et \u00e0 jouer avec tout ce qui l&#039;entoure.<\/p>\n\n\n\n<h5 class=\"has-ast-global-color-2-color has-text-color wp-block-heading\">Chaque enfant est unique et donc chaque pause doit \u00eatre unique et respect\u00e9e.<\/h5>\n\n\n\n<figure class=\"wp-block-image size-full uag-hide-desktop uag-hide-desktop\"><img loading=\"lazy\" decoding=\"async\" width=\"719\" height=\"720\" src=\"https:\/\/escolabressolelcau.com\/wp-content\/uploads\/2022\/07\/DESCANS-edited.jpg\" alt=\"\" class=\"wp-image-839\" srcset=\"https:\/\/escolabressolelcau.com\/wp-content\/uploads\/2022\/07\/DESCANS-edited.jpg 719w, https:\/\/escolabressolelcau.com\/wp-content\/uploads\/2022\/07\/DESCANS-edited-300x300.jpg 300w, https:\/\/escolabressolelcau.com\/wp-content\/uploads\/2022\/07\/DESCANS-edited-150x150.jpg 150w\" sizes=\"auto, (max-width: 719px) 100vw, 719px\" \/><\/figure>\n\n\n\n<p class=\"has-ast-global-color-2-color has-text-color\">Dans notre \u00e9cole, nous proposons aux enfants des lits Montessori. Des lits \u00e0 la port\u00e9e des enfants et qui permettent beaucoup de c\u00e2lins, de caresses, de paroles et de chansons \u00e0 l&#039;oreille et de bisous avec un moment aussi important que le sommeil. Des moments de compagnie pour ceux qui en ont besoin avant de dormir et des r\u00e9veils calmes accompagn\u00e9s de c\u00e2lins avec un &quot;bonjour&quot;.<\/p>\n<\/div><\/div>\n<\/div><\/div>\n\n\n\n<p><\/p>\n<\/div><\/div>\n\n\n\n<div style=\"height:33px\" aria-hidden=\"true\" class=\"wp-block-spacer\"><\/div>\n\n\n\n<h5 class=\"has-text-align-center wp-block-heading\">Dans notre \u00e9cole il est essentiel de respecter les habitudes de chaque enfant<br>et g\u00e2cher &quot;la pause&quot; \u00e0 l&#039;\u00e9cole.<\/h5>\n\n\n\n<div class=\"inherit-container-width wp-block-group alignfull has-ast-global-color-5-background-color has-background is-layout-constrained wp-block-group-is-layout-constrained\"><div class=\"wp-block-group__inner-container\">\n<h2 class=\"has-text-align-center wp-block-heading\" id=\"exterior\">L&#039;EXT\u00c9RIEUR<\/h2>\n\n\n\n<hr class=\"wp-block-separator has-text-color has-ast-global-color-0-color has-css-opacity has-ast-global-color-0-background-color has-background aligncenter\"\/>\n\n\n\n<p class=\"has-text-align-center\">Nous consid\u00e9rons l&#039;espace ext\u00e9rieur de notre \u00e9cole comme un lieu de nombreuses opportunit\u00e9s \u00e9ducatives, o\u00f9 les enfants s&#039;enrichissent de jeux vari\u00e9s, imaginatifs et cr\u00e9atifs qui les invitent \u00e9galement \u00e0 \u00eatre proches de la nature.<\/p>\n\n\n\n<div class=\"wp-block-media-text alignwide has-media-on-the-right is-stacked-on-mobile\"><figure class=\"wp-block-media-text__media\"><img loading=\"lazy\" decoding=\"async\" width=\"1024\" height=\"768\" src=\"https:\/\/escolabressolelcau.com\/wp-content\/uploads\/2022\/08\/EXTERIOR.jpg\" alt=\"\" class=\"wp-image-858 size-full\" srcset=\"https:\/\/escolabressolelcau.com\/wp-content\/uploads\/2022\/08\/EXTERIOR.jpg 1024w, https:\/\/escolabressolelcau.com\/wp-content\/uploads\/2022\/08\/EXTERIOR-300x225.jpg 300w, https:\/\/escolabressolelcau.com\/wp-content\/uploads\/2022\/08\/EXTERIOR-768x576.jpg 768w\" sizes=\"auto, (max-width: 1024px) 100vw, 1024px\" \/><\/figure><div class=\"wp-block-media-text__content\">\n<p>Cela leur permet d&#039;\u00eatre actifs, d&#039;avoir des mouvements spontan\u00e9s, de se sentir libres et d&#039;apprendre sur eux-m\u00eames. Ils peuvent courir, sauter, grimper, rouler... faire connaissance avec leur corps !<\/p>\n\n\n\n<h5 class=\"wp-block-heading\">Dans notre \u00e9cole, nous sommes toujours pr\u00eats pour une nouvelle journ\u00e9e...<\/h5>\n\n\n\n<p>La m\u00e9t\u00e9o nous aide \u00e0 profiter de notre espace ext\u00e9rieur bien-aim\u00e9 de diff\u00e9rentes mani\u00e8res !<\/p>\n<\/div><\/div>\n\n\n\n<div class=\"wp-block-columns alignwide are-vertically-aligned-center is-layout-flex wp-container-core-columns-is-layout-2691f033 wp-block-columns-is-layout-flex\" style=\"padding-top:11px;padding-right:11px;padding-bottom:11px;padding-left:11px\">\n<div class=\"wp-block-column is-vertically-aligned-center is-layout-flow wp-block-column-is-layout-flow\">\n<figure class=\"wp-block-image size-full\"><img loading=\"lazy\" decoding=\"async\" width=\"768\" height=\"1024\" src=\"https:\/\/escolabressolelcau.com\/wp-content\/uploads\/2022\/07\/FOTO-10.2.jpg\" alt=\"\" class=\"wp-image-744\" srcset=\"https:\/\/escolabressolelcau.com\/wp-content\/uploads\/2022\/07\/FOTO-10.2.jpg 768w, https:\/\/escolabressolelcau.com\/wp-content\/uploads\/2022\/07\/FOTO-10.2-225x300.jpg 225w\" sizes=\"auto, (max-width: 768px) 100vw, 768px\" \/><\/figure>\n\n\n\n<hr class=\"wp-block-separator has-text-color has-ast-global-color-0-color has-css-opacity has-ast-global-color-0-background-color has-background is-style-wide\"\/>\n\n\n\n<p>Il pleut? On enfile des imperm\u00e9ables et des bottes d&#039;eau pour toucher et sentir la pluie !<\/p>\n<\/div>\n\n\n\n<div class=\"wp-block-column is-vertically-aligned-center is-layout-flow wp-block-column-is-layout-flow\">\n<figure class=\"wp-block-image size-full\"><img loading=\"lazy\" decoding=\"async\" width=\"1200\" height=\"1600\" src=\"https:\/\/escolabressolelcau.com\/wp-content\/uploads\/2022\/08\/fred-edited.jpg\" alt=\"\" class=\"wp-image-861\" srcset=\"https:\/\/escolabressolelcau.com\/wp-content\/uploads\/2022\/08\/fred-edited.jpg 1200w, https:\/\/escolabressolelcau.com\/wp-content\/uploads\/2022\/08\/fred-edited-225x300.jpg 225w, https:\/\/escolabressolelcau.com\/wp-content\/uploads\/2022\/08\/fred-edited-768x1024.jpg 768w, https:\/\/escolabressolelcau.com\/wp-content\/uploads\/2022\/08\/fred-edited-1152x1536.jpg 1152w\" sizes=\"auto, (max-width: 1200px) 100vw, 1200px\" \/><\/figure>\n\n\n\n<hr class=\"wp-block-separator has-text-color has-ast-global-color-0-color has-css-opacity has-ast-global-color-0-background-color has-background is-style-wide\"\/>\n\n\n\n<p>Il fait froid? On s&#039;\u00e9chauffe et on d\u00e9couvre qu&#039;on peut passer un bon moment quand on est au chaud et en mouvement !<\/p>\n<\/div>\n\n\n\n<div class=\"wp-block-column is-vertically-aligned-center is-layout-flow wp-block-column-is-layout-flow\">\n<figure class=\"wp-block-image size-full\"><img loading=\"lazy\" decoding=\"async\" width=\"768\" height=\"1024\" src=\"https:\/\/escolabressolelcau.com\/wp-content\/uploads\/2022\/08\/calor.-escola-bressol-el-cau.jpg\" alt=\"\" class=\"wp-image-860\" srcset=\"https:\/\/escolabressolelcau.com\/wp-content\/uploads\/2022\/08\/calor.-escola-bressol-el-cau.jpg 768w, https:\/\/escolabressolelcau.com\/wp-content\/uploads\/2022\/08\/calor.-escola-bressol-el-cau-225x300.jpg 225w\" sizes=\"auto, (max-width: 768px) 100vw, 768px\" \/><\/figure>\n\n\n\n<hr class=\"wp-block-separator has-text-color has-ast-global-color-0-color has-css-opacity has-ast-global-color-0-background-color has-background is-style-wide\"\/>\n\n\n\n<p>C&#039;est chaud? Et si on se d\u00e9chaussait ou qu&#039;on se rafra\u00eechissait avec des jeux d&#039;eau ?<\/p>\n<\/div>\n<\/div>\n\n\n\n<div class=\"wp-block-columns alignwide is-layout-flex wp-container-core-columns-is-layout-28f84493 wp-block-columns-is-layout-flex\">\n<div class=\"wp-block-column is-layout-flow wp-block-column-is-layout-flow\">\n<p>Nous aimons notre cour! Nous devenons de grands peintres et d\u00e9corons leurs murs avec des peintures de plusieurs couleurs. Nous le remplissons de vie et de couleur avec de nombreuses fleurs que nous g\u00e2tons chaque jour avec des chants et de l&#039;eau.<\/p>\n<\/div>\n\n\n\n<div class=\"wp-block-column is-layout-flow wp-block-column-is-layout-flow\">\n<p>Soyons aussi agriculteurs ! Nous prenons soin de notre petit citronnier et oranger et plantons des fraises, des carottes, des tomates dans notre jardin... que nous observons et prenons soin chaque semaine.<\/p>\n<\/div>\n<\/div>\n\n\n\n<p class=\"has-text-align-center\">Notre terrasse ext\u00e9rieure nous rapproche de la nature. Il nous permet de jouer avec des pierres, des branches, des feuilles,<br> sentir les fleurs, sentir le froid et la chaleur, la pluie...<\/p>\n\n\n\n<h5 class=\"has-text-align-center wp-block-heading\">Dehors on ressent un sentiment de libert\u00e9, de vie, de plaisir ! sentir le soleil,<br> l&#039;air, le froid et la chaleur nous font nous sentir libres, vivants !<\/h5>\n<\/div><\/div>\n\n\n\n<div class=\"inherit-container-width wp-block-group alignfull has-ast-global-color-5-background-color has-background is-layout-constrained wp-block-group-is-layout-constrained\"><div class=\"wp-block-group__inner-container\">\n<div class=\"wp-block-media-text alignwide has-media-on-the-right is-stacked-on-mobile\"><figure class=\"wp-block-media-text__media\"><img loading=\"lazy\" decoding=\"async\" width=\"1024\" height=\"768\" src=\"https:\/\/escolabressolelcau.com\/wp-content\/uploads\/2022\/08\/IOGA.jpg\" alt=\"\" class=\"wp-image-849 size-full\" srcset=\"https:\/\/escolabressolelcau.com\/wp-content\/uploads\/2022\/08\/IOGA.jpg 1024w, https:\/\/escolabressolelcau.com\/wp-content\/uploads\/2022\/08\/IOGA-300x225.jpg 300w, https:\/\/escolabressolelcau.com\/wp-content\/uploads\/2022\/08\/IOGA-768x576.jpg 768w\" sizes=\"auto, (max-width: 1024px) 100vw, 1024px\" \/><\/figure><div class=\"wp-block-media-text__content\">\n<h2 class=\"has-text-align-center has-ast-global-color-2-color has-text-color wp-block-heading\" id=\"ioga\">YOGA<\/h2>\n\n\n\n<hr class=\"wp-block-separator has-text-color has-ast-global-color-0-color has-css-opacity has-ast-global-color-0-background-color has-background aligncenter\"\/>\n\n\n\n<p class=\"has-ast-global-color-3-color has-text-color\">Nous rapprochons l&#039;\u00e9cole du yoga en offrant aux enfants d\u00e9tente, tranquillit\u00e9, attention, prise de conscience et gestion de leurs propres \u00e9motions. Le yoga permet de conna\u00eetre son propre corps.<\/p>\n\n\n\n<p><strong>&quot;S&#039;arr\u00eater pour pouvoir ressentir, r\u00e9fl\u00e9chir et respirer&quot;<\/strong><\/p>\n<\/div><\/div>\n<\/div><\/div>\n\n\n\n<section class=\"wp-block-group alignfull has-ast-global-color-0-background-color has-background is-layout-constrained wp-container-core-group-is-layout-73c07e67 wp-block-group-is-layout-constrained\">\n<h2 class=\"has-text-align-center has-ast-global-color-4-color has-text-color wp-block-heading\" id=\"equip\">\u00c9QUIPE P\u00c9DAGOGIQUE<\/h2>\n\n\n\n<hr class=\"wp-block-separator has-text-color has-ast-global-color-0-color has-css-opacity has-ast-global-color-0-background-color has-background aligncenter\"\/>\n\n\n\n<h3 class=\"has-text-align-center has-ast-global-color-4-color has-text-color wp-block-heading\">Groupe vivant, actif, r\u00eaveur et inspirant avec un seul but\u2026<br>que l&#039;enfant soit heureux !<\/h3>\n<\/section>\n\n\n\n<div class=\"inherit-container-width wp-block-group alignfull is-layout-constrained wp-block-group-is-layout-constrained\"><div class=\"wp-block-group__inner-container\">\n<h2 class=\"has-text-align-center wp-block-heading\">Travail en \u00e9quipe,<br>La cl\u00e9<br>toucher<br>Le ciel !<\/h2>\n<\/div><\/div>","protected":false},"excerpt":{"rendered":"<p>ALIMENTATION Notre cuisini\u00e8re, Alba, passionn\u00e9e de cuisine, nous propose une alimentation saine, \u00e9quilibr\u00e9e et sans sucre adapt\u00e9e \u00e0 chaque enfant scolaris\u00e9. Il est primordial, pour nous, de respecter les habitudes et coutumes alimentaires de toutes les familles et de faire du d\u00e9jeuner un moment de sensations, d&#039;\u00e9motions et d&#039;apprentissage A la...<\/p>\n<p class=\"read-more\"> <a class=\"\" href=\"https:\/\/escolabressolelcau.com\/fr\/\"> <span class=\"screen-reader-text\">\u00c9cole maternelle El Cau<\/span> Lire la suite \u00bb<\/a><\/p>","protected":false},"author":1,"featured_media":0,"parent":0,"menu_order":0,"comment_status":"closed","ping_status":"closed","template":"","meta":{"_uag_custom_page_level_css":"","site-sidebar-layout":"no-sidebar","site-content-layout":"plain-container","ast-global-header-display":"","ast-main-header-display":"","ast-hfb-above-header-display":"","ast-hfb-below-header-display":"","ast-hfb-mobile-header-display":"","site-post-title":"disabled","ast-breadcrumbs-content":"disabled","ast-featured-img":"disabled","footer-sml-layout":"","theme-transparent-header-meta":"enabled","adv-header-id-meta":"","stick-header-meta":"","header-above-stick-meta":"","header-main-stick-meta":"","header-below-stick-meta":"","footnotes":""},"class_list":["post-572","page","type-page","status-publish","hentry"],"uagb_featured_image_src":{"full":false,"thumbnail":false,"medium":false,"medium_large":false,"large":false,"1536x1536":false,"2048x2048":false,"trp-custom-language-flag":false},"uagb_author_info":{"display_name":"admin","author_link":"https:\/\/escolabressolelcau.com\/fr\/author\/antmotion\/"},"uagb_comment_info":0,"uagb_excerpt":"ALIMENTACI\u00d3 La nostra cuinera, l&#8217;Alba, amb una gran vocaci\u00f3 per la cuina, ens proporciona una dieta sana, equilibrada i lliure de sucres adaptada a cada nen-a de l&#8217;escola. \u00c9s primordial, per nosaltres, respectar les rutines i costums alimentaris de totes les fam\u00edlies i fer del dinar un moment de sensacions, emocions i aprenentatges A la\u2026","_links":{"self":[{"href":"https:\/\/escolabressolelcau.com\/fr\/wp-json\/wp\/v2\/pages\/572","targetHints":{"allow":["GET"]}}],"collection":[{"href":"https:\/\/escolabressolelcau.com\/fr\/wp-json\/wp\/v2\/pages"}],"about":[{"href":"https:\/\/escolabressolelcau.com\/fr\/wp-json\/wp\/v2\/types\/page"}],"author":[{"embeddable":true,"href":"https:\/\/escolabressolelcau.com\/fr\/wp-json\/wp\/v2\/users\/1"}],"replies":[{"embeddable":true,"href":"https:\/\/escolabressolelcau.com\/fr\/wp-json\/wp\/v2\/comments?post=572"}],"version-history":[{"count":108,"href":"https:\/\/escolabressolelcau.com\/fr\/wp-json\/wp\/v2\/pages\/572\/revisions"}],"predecessor-version":[{"id":984,"href":"https:\/\/escolabressolelcau.com\/fr\/wp-json\/wp\/v2\/pages\/572\/revisions\/984"}],"wp:attachment":[{"href":"https:\/\/escolabressolelcau.com\/fr\/wp-json\/wp\/v2\/media?parent=572"}],"curies":[{"name":"wp","href":"https:\/\/api.w.org\/{rel}","templated":true}]}}