{"id":865,"date":"2022-08-01T11:08:49","date_gmt":"2022-08-01T11:08:49","guid":{"rendered":"https:\/\/escolabressolelcau.com\/?page_id=865"},"modified":"2025-05-11T07:29:32","modified_gmt":"2025-05-11T07:29:32","slug":"declaracion-de-privacidad","status":"publish","type":"page","link":"https:\/\/escolabressolelcau.com\/fr\/declaracion-de-privacidad\/","title":{"rendered":"D\u00e9claration de confidentialit\u00e9"},"content":{"rendered":"<p>Dans cette d\u00e9claration de confidentialit\u00e9, nous expliquons ce que nous faisons des donn\u00e9es que nous obtenons \u00e0 votre sujet via&nbsp;<strong>\u00c9cole maternelle El Cau<\/strong>. Nous vous recommandons de lire attentivement cette d\u00e9claration. Dans notre traitement, nous nous conformons aux exigences de la l\u00e9gislation sur la confidentialit\u00e9. Ce qui signifie, entre autres, que :<\/p>\n\n\n\n<ul class=\"wp-block-list\">\n<li>Nous indiquons clairement les finalit\u00e9s pour lesquelles nous traitons les donn\u00e9es personnelles. Nous le faisons par le biais de cette d\u00e9claration de confidentialit\u00e9.<\/li>\n\n\n\n<li>notre objectif est de limiter notre collecte de donn\u00e9es personnelles aux donn\u00e9es personnelles n\u00e9cessaires \u00e0 des fins l\u00e9gitimes.<\/li>\n\n\n\n<li>tout d&#039;abord, nous demandons votre consentement explicite pour le traitement de vos donn\u00e9es personnelles dans les cas o\u00f9 cela est n\u00e9cessaire.<\/li>\n\n\n\n<li>nous prenons les mesures de s\u00e9curit\u00e9 appropri\u00e9es pour prot\u00e9ger vos donn\u00e9es personnelles et nous l&#039;exigeons \u00e9galement des parties qui traitent des donn\u00e9es personnelles en notre nom\u00a0;<\/li>\n\n\n\n<li>Nous respectons votre droit d&#039;acc\u00e8s, de rectification ou d&#039;annulation de vos donn\u00e9es personnelles sur demande.<\/li>\n<\/ul>\n\n\n\n<p>Si vous avez des questions ou souhaitez savoir exactement quelles donn\u00e9es nous stockons \u00e0 votre sujet, veuillez nous contacter.<\/p>\n\n\n\n<h2 class=\"wp-block-heading\">1. Finalit\u00e9, donn\u00e9es et dur\u00e9e de conservation<\/h2>\n\n\n\n<p>Nous pouvons collecter ou recevoir des informations personnelles \u00e0 plusieurs fins li\u00e9es \u00e0 nos op\u00e9rations commerciales, qui peuvent inclure les suivantes\u00a0:<\/p>\n\n\n\n<h3 class=\"wp-block-heading\">1.1 Contact \u2013 Par t\u00e9l\u00e9phone, courrier, email et\/ou formulaires sur le site<a rel=\"noreferrer noopener nofollow\" href=\"https:\/\/cookiedatabase.org\/legal-bases\/#consent\" target=\"_blank\"><\/a><\/h3>\n\n\n\n<h2 class=\"wp-block-heading\">2. Partagez avec d&#039;autres parties<\/h2>\n\n\n\n<p>Nous ne partageons pas de donn\u00e9es avec d&#039;autres parties<\/p>\n\n\n\n<h2 class=\"wp-block-heading\">3. Cookies<\/h2>\n\n\n\n<p>Nuestro sitio web utiliza cookies. Para m\u00e1s informaci\u00f3n acerca de las cookies, por favor refi\u00e9rase a nuestra Declaraci\u00f3n de\u00a0Pol\u00edtica de Cookies.\u00a0\u00a0La inclusi\u00f3n de direcciones IP completas es bloqueada por nosotros.\u00a0<\/p>\n\n\n\n<h2 class=\"wp-block-heading\">4. S\u00e9curit\u00e9<\/h2>\n\n\n\n<p>Nous nous engageons sur la s\u00e9curit\u00e9 des donn\u00e9es personnelles. Nous prenons les mesures de s\u00e9curit\u00e9 appropri\u00e9es pour limiter les abus et l&#039;acc\u00e8s non autoris\u00e9 aux donn\u00e9es personnelles. Cela garantit que seules les personnes n\u00e9cessaires ont acc\u00e8s \u00e0 vos donn\u00e9es, que l&#039;acc\u00e8s aux donn\u00e9es est prot\u00e9g\u00e9 et que nos mesures de s\u00e9curit\u00e9 sont r\u00e9guli\u00e8rement revues.&nbsp;<\/p>\n\n\n\n<h2 class=\"wp-block-heading\">5. Sites Web tiers<\/h2>\n\n\n\n<p>Cette d\u00e9claration de confidentialit\u00e9 ne s&#039;applique pas aux sites Web tiers li\u00e9s \u00e0 notre site Web. Nous ne pouvons pas garantir que ces tiers traitent vos donn\u00e9es personnelles de mani\u00e8re fiable ou s\u00e9curis\u00e9e. Nous vous recommandons de lire les d\u00e9clarations de confidentialit\u00e9 de ces sites Web avant de les utiliser.&nbsp;<\/p>\n\n\n\n<h2 class=\"wp-block-heading\">6. Confidentialit\u00e9 et r\u00e9f\u00e9rence \u00e0 la d\u00e9claration de confidentialit\u00e9<\/h2>\n\n\n\n<p>Nous nous r\u00e9servons le droit de modifier cette d\u00e9claration de confidentialit\u00e9. Il est recommand\u00e9 de consulter r\u00e9guli\u00e8rement cette d\u00e9claration de confidentialit\u00e9 pour \u00eatre au courant de tout changement. De plus, nous vous informerons activement dans la mesure du possible.&nbsp;<\/p>\n\n\n\n<h2 class=\"wp-block-heading\">7. Acc\u00e8s et modification de vos donn\u00e9es<\/h2>\n\n\n\n<p>Si vous avez des questions ou souhaitez savoir quelles donn\u00e9es personnelles nous avons sur vous, veuillez nous contacter. Vous pouvez nous contacter en utilisant les informations suivantes. Vous disposez des droits suivants\u00a0:<\/p>\n\n\n\n<ul class=\"wp-block-list\">\n<li>Vous avez le droit de savoir pourquoi vos donn\u00e9es personnelles sont n\u00e9cessaires, ce qu&#039;il en adviendra et combien de temps elles seront conserv\u00e9es.<\/li>\n\n\n\n<li>Droit d&#039;acc\u00e8s : Vous avez le droit d&#039;acc\u00e9der aux donn\u00e9es personnelles que nous connaissons sur vous.<\/li>\n\n\n\n<li>Droit de rectification : vous avez le droit de compl\u00e9ter, rectifier, supprimer ou bloquer vos donn\u00e9es personnelles quand vous le souhaitez.<\/li>\n\n\n\n<li>Si vous nous donnez votre consentement au traitement de vos donn\u00e9es, vous avez le droit de r\u00e9voquer ledit consentement car vos donn\u00e9es personnelles sont supprim\u00e9es.<\/li>\n\n\n\n<li>Droit de transf\u00e9rer vos donn\u00e9es : vous avez le droit de demander toutes vos donn\u00e9es personnelles au responsable du traitement et de les transf\u00e9rer int\u00e9gralement \u00e0 un autre responsable du traitement.<\/li>\n\n\n\n<li>Droit d&#039;opposition : vous pouvez vous opposer au traitement de vos donn\u00e9es. Nous nous y conformons, \u00e0 moins qu&#039;il n&#039;y ait des raisons justifi\u00e9es pour le traitement.<\/li>\n<\/ul>\n\n\n\n<p>Assurez-vous de toujours indiquer clairement qui vous \u00eates, afin que nous puissions \u00eatre s\u00fbrs de ne pas modifier ou supprimer les donn\u00e9es de la mauvaise personne.<\/p>\n\n\n\n<h2 class=\"wp-block-heading\">8. D\u00e9poser une plainte<\/h2>\n\n\n\n<p>Si vous n&#039;\u00eates pas satisfait de la mani\u00e8re dont nous traitons ou traitons vos donn\u00e9es personnelles, vous avez le droit de d\u00e9poser une plainte aupr\u00e8s de l&#039;Autorit\u00e9 de protection des donn\u00e9es.&nbsp;<\/p>\n\n\n\n<h2 class=\"wp-block-heading\">9. Coordonn\u00e9es<\/h2>\n\n\n\n<ul class=\"wp-block-list\">\n<li><strong>Escola\u00a0Bressol El cau<\/strong><\/li>\n\n\n\n<li><strong>c\/ Vilardell 22 bas. Barcelone<\/strong><\/li>\n\n\n\n<li><strong>T\u00e9l.\u00a0<a href=\"tel: 3493934325875\">93 934 32 58 75<\/a><\/strong><\/li>\n\n\n\n<li><strong><a href=\"mailto:elcau@escolabressolelcau.com\">elcau@escolabressolelcau.com<\/a><\/strong><\/li>\n<\/ul>","protected":false},"excerpt":{"rendered":"<p>En esta declaraci\u00f3n de privacidad, explicamos lo que hacemos con los datos que obtenemos sobre usted a trav\u00e9s de&nbsp;Escola Bressol El Cau. Le recomendamos que lea atentamente esta declaraci\u00f3n. En nuestro procesamiento cumplimos con los requisitos de la legislaci\u00f3n de privacidad. Lo que significa, entre otras cosas, que: Si tiene alguna pregunta o desea saber &hellip;<\/p>\n<p class=\"read-more\"> <a class=\"\" href=\"https:\/\/escolabressolelcau.com\/fr\/declaracion-de-privacidad\/\"> <span class=\"screen-reader-text\">D\u00e9claration de confidentialit\u00e9<\/span> Lire la suite \u00bb<\/a><\/p>","protected":false},"author":1,"featured_media":0,"parent":0,"menu_order":0,"comment_status":"closed","ping_status":"closed","template":"","meta":{"_uag_custom_page_level_css":"","site-sidebar-layout":"default","site-content-layout":"default","ast-global-header-display":"","ast-main-header-display":"","ast-hfb-above-header-display":"","ast-hfb-below-header-display":"","ast-hfb-mobile-header-display":"","site-post-title":"","ast-breadcrumbs-content":"","ast-featured-img":"","footer-sml-layout":"","theme-transparent-header-meta":"","adv-header-id-meta":"","stick-header-meta":"","header-above-stick-meta":"","header-main-stick-meta":"","header-below-stick-meta":"","footnotes":""},"class_list":["post-865","page","type-page","status-publish","hentry"],"uagb_featured_image_src":{"full":false,"thumbnail":false,"medium":false,"medium_large":false,"large":false,"1536x1536":false,"2048x2048":false,"trp-custom-language-flag":false},"uagb_author_info":{"display_name":"admin","author_link":"https:\/\/escolabressolelcau.com\/fr\/author\/antmotion\/"},"uagb_comment_info":0,"uagb_excerpt":"En esta declaraci\u00f3n de privacidad, explicamos lo que hacemos con los datos que obtenemos sobre usted a trav\u00e9s de&nbsp;Escola Bressol El Cau. Le recomendamos que lea atentamente esta declaraci\u00f3n. En nuestro procesamiento cumplimos con los requisitos de la legislaci\u00f3n de privacidad. Lo que significa, entre otras cosas, que: Si tiene alguna pregunta o desea saber\u2026","_links":{"self":[{"href":"https:\/\/escolabressolelcau.com\/fr\/wp-json\/wp\/v2\/pages\/865","targetHints":{"allow":["GET"]}}],"collection":[{"href":"https:\/\/escolabressolelcau.com\/fr\/wp-json\/wp\/v2\/pages"}],"about":[{"href":"https:\/\/escolabressolelcau.com\/fr\/wp-json\/wp\/v2\/types\/page"}],"author":[{"embeddable":true,"href":"https:\/\/escolabressolelcau.com\/fr\/wp-json\/wp\/v2\/users\/1"}],"replies":[{"embeddable":true,"href":"https:\/\/escolabressolelcau.com\/fr\/wp-json\/wp\/v2\/comments?post=865"}],"version-history":[{"count":4,"href":"https:\/\/escolabressolelcau.com\/fr\/wp-json\/wp\/v2\/pages\/865\/revisions"}],"predecessor-version":[{"id":992,"href":"https:\/\/escolabressolelcau.com\/fr\/wp-json\/wp\/v2\/pages\/865\/revisions\/992"}],"wp:attachment":[{"href":"https:\/\/escolabressolelcau.com\/fr\/wp-json\/wp\/v2\/media?parent=865"}],"curies":[{"name":"wp","href":"https:\/\/api.w.org\/{rel}","templated":true}]}}